{"id":14081,"date":"2018-08-30T11:44:44","date_gmt":"2018-08-30T09:44:44","guid":{"rendered":"https:\/\/www.onkologie-luebeck.de\/page\/?page_id=14081"},"modified":"2018-09-11T11:05:32","modified_gmt":"2018-09-11T09:05:32","slug":"netzwerk","status":"publish","type":"page","link":"https:\/\/www.onkologie-luebeck.de\/page\/netzwerk\/","title":{"rendered":"Netzwerk"},"content":{"rendered":"<div id=\"cmsmasters_row_2gn5yjqlvl\" class=\"cmsmasters_row cmsmasters_color_scheme_default cmsmasters_row_top_default cmsmasters_row_bot_default cmsmasters_row_boxed\">\n<div class=\"cmsmasters_row_outer_parent\">\n<div class=\"cmsmasters_row_outer\">\n<div class=\"cmsmasters_row_inner\">\n<div class=\"cmsmasters_row_margin\">\n<div id=\"cmsmasters_column_ilxjo6dyzh\" class=\"cmsmasters_column one_first\">\n<div class=\"cmsmasters_column_inner\"><div id=\"cmsmasters_heading_5o9fvo2abc\" class=\"cmsmasters_heading_wrap cmsmasters_heading_align_left\">\n\t<h2 class=\"cmsmasters_heading\">Netzwerk<\/h2>\n<\/div>\n<\/div><\/div>\n<\/div>\n<\/div>\n<\/div>\n<\/div>\n<\/div>\n<div id=\"cmsmasters_row_bo8ia3oef8\" class=\"cmsmasters_row cmsmasters_color_scheme_default cmsmasters_row_top_default cmsmasters_row_bot_default cmsmasters_row_boxed\">\n<div class=\"cmsmasters_row_outer_parent\">\n<div class=\"cmsmasters_row_outer\">\n<div class=\"cmsmasters_row_inner\">\n<div class=\"cmsmasters_row_margin\">\n<div id=\"cmsmasters_column_w7xzkrxlki\" class=\"cmsmasters_column one_first\">\n<div class=\"cmsmasters_column_inner\"><div class=\"cmsmasters_text\">\n<p>Das Tempo und die Anzahl der laufenden Erneuerungen und Weiterentwicklungen auf dem Fachgebiet der Onkologie und H\u00e4matologie hat enorm zugenommen. Auch als Facharzt ist es eine besondere Herausforderung st\u00e4ndig auf dem neuesten Stand der Wissenschaft und Forschung zu bleiben.<\/p>\n<p>Die \u00c4rzte der L\u00fcbecker Onkologischen Schwerpunktpraxis besuchen deshalb eine Vielzahl von nationalen und internationalen Kongressen und halten sich somit immer auf dem neuesten Stand.<\/p>\n<p>Um auch fach\u00fcbergreifend einen besonderen Service f\u00fcr unsere Patienten bieten zu k\u00f6nnen, sind wir Mitglied in den folgenden Netzwerken und k\u00f6nnen uns mit Kollegen gleicher und anderer Disziplinen austauschen und im Sinne des Patienten eine bessere Behandlung erm\u00f6glichen:<\/p>\n<\/div>\n<\/div><\/div>\n<\/div>\n<\/div>\n<\/div>\n<\/div>\n<\/div>\n<div id=\"cmsmasters_row_iyazhevbp6\" class=\"cmsmasters_row cmsmasters_color_scheme_default cmsmasters_row_top_default cmsmasters_row_bot_default cmsmasters_row_boxed\">\n<div class=\"cmsmasters_row_outer_parent\">\n<div class=\"cmsmasters_row_outer\">\n<div class=\"cmsmasters_row_inner\">\n<div class=\"cmsmasters_row_margin\">\n<div id=\"cmsmasters_column_wey5zf6mv2\" class=\"cmsmasters_column one_half\">\n<div class=\"cmsmasters_column_inner\"><div class=\"cmsmasters_img  cmsmasters_image_n\"><img src=\"https:\/\/www.onkologie-luebeck.de\/page\/wp-content\/uploads\/2018\/07\/radiologie-logo.png\" \/><\/div><div class=\"cmsmasters_text\">\n<p>&nbsp;<\/p>\n<div class=\"page-header\">\n<h4><strong>Curavid Strahlentherapie und Radiologie<\/strong><\/h4>\n<\/div>\n<p>Curavid &#8211; Ihre Praxis f\u00fcr Strahlentherapie und Radiologie Lu\u0308beck. 16 A\u0308rzte und ihre Mitarbeiter sind an zwei Standorten in Lu\u0308beck fu\u0308r Sie da. Mit unserem medizinischem Know-how und modernsten Diagnose- und Therapiekonzepten bieten wir Ihnen eine individuelle Behandlung an. Unsere Experten erkennen die aus a\u0308rztlicher Sicht notwendigen Ma\u00dfnahmen, um Ihre Beschwerden zu lindern und Ihnen mo\u0308glichst schnell eine Ru\u0308ckkehr in Ihren Alltag zu ermo\u0308glichen. Dabei denken und handeln wir ganzheitlich unter Einhaltung der medizinischen Leitlinien und fo\u0308rdern wir Ihre Genesung. Im Mittelpunkt stehen dabei Sie und Ihre ganz perso\u0308nliche Situation.<\/p>\n<p>Curavid ist im selben Haus wie wir angesiedelt und unserer gr\u00f6\u00dfter Kooperationspartner. Insbesondere deswegen, weil viele Krebspatienten auch bestrahlt werden m\u00fcssen und auch regelm\u00e4\u00dfig R\u00f6ntgenkontrollen. ben\u00f6tigen. Beides ist hier vorhanden und aufgrund der r\u00e4umlichen N\u00e4he im selben Geb\u00e4ude problemlos m\u00f6glich. Zusammen mit der Praxis f\u00fcr Nuklearmedizin, die das Spektrum optimal erweitert, existiert hier in der Paul.-Ehrlich Stra\u00dfe somit ein ambulantes Krebszentrum par excellence.<\/p>\n<\/div>\n<\/div><\/div>\n<div id=\"cmsmasters_column_fj0hk9tpij\" class=\"cmsmasters_column one_half\">\n<div class=\"cmsmasters_column_inner\"><div class=\"cmsmasters_img  cmsmasters_image_n\"><img src=\"https:\/\/www.onkologie-luebeck.de\/page\/wp-content\/uploads\/2018\/07\/laen.png\" \/><\/div><div class=\"cmsmasters_text\">\n<p>&nbsp;<\/p>\n<div class=\"page-header\">\n<h4><strong>L\u00c4N &#8211; Das sind 160 \u00c4rzte aus 30 Fachbereichen<\/strong><\/h4>\n<\/div>\n<p>Das L\u00c4N ist ein\u00a0Netzwerk f\u00fcr ambulante Versorgung im Gro\u00dfraum L\u00fcbeck\u00a0in der Form eines eingetragenen Vereins mit\u00a0\u00fcber 150 freiberuflich t\u00e4tigen niedergelassenen \u00c4rzten\/innen aller Fachrichtungen\u00a0zur\u00a0interdisziplin\u00e4ren, kooperativen medizinischen Betreuung von Patienten. Mitglieder k\u00f6nnen approbierte \u00c4rztinnen und \u00c4rzte aller Fachrichtungen werden, die unsere Ziele unterst\u00fctzen und in freier Niederlassung t\u00e4tig sind.<\/p>\n<p>Das L\u00fcbecker \u00c4rztenetz (L\u00c4N) ist als neuntes f\u00f6rderungsw\u00fcrdiges Netz in Schleswig-Holstein von der KVSH anerkannt worden.<\/p>\n<p>Das L\u00fcbecker \u00c4rztenetz wurde 2009 als Zusammenschluss von Haus- und Fach\u00e4rzten aus dem Raum L\u00fcbeck mit dem Ziel gegr\u00fcndet, die ambulante, wohnortnahe Patientenversorgung effektiver zu gestalten. Seit seiner Gr\u00fcndung hat das \u00c4rztenetz seine erfolgreiche Arbeit ausschlie\u00dflich aus Mitgliedsbeitr\u00e4gen finanziert<\/p>\n<p>Die Praxisinhaber sind alle Gr\u00fcndungsmitglieder des Vereins.<\/p>\n<\/div>\n<\/div><\/div>\n<\/div>\n<\/div>\n<\/div>\n<\/div>\n<\/div>\n<div id=\"cmsmasters_row_4qu49iednr\" class=\"cmsmasters_row cmsmasters_color_scheme_default cmsmasters_row_top_default cmsmasters_row_bot_default cmsmasters_row_boxed\">\n<div class=\"cmsmasters_row_outer_parent\">\n<div class=\"cmsmasters_row_outer\">\n<div class=\"cmsmasters_row_inner\">\n<div class=\"cmsmasters_row_margin\">\n<div id=\"cmsmasters_column_w9dhd8upz\" class=\"cmsmasters_column one_half\">\n<div class=\"cmsmasters_column_inner\"><div class=\"cmsmasters_img  cmsmasters_image_n\"><img src=\"https:\/\/www.onkologie-luebeck.de\/page\/wp-content\/uploads\/2018\/07\/noz.png\" \/><\/div><div class=\"cmsmasters_text\">\n<p>&nbsp;<\/p>\n<p>Das NOZ ist ein gemeinn\u00fctziger Verein, der ein Netzwerk von onkologisch t\u00e4tigen Fach\u00e4rzten aus L\u00fcbeck und Umgebung bildet. Wir streben eine Verbesserung der Versorgung von Tumorpatienten durch die enge Zusammenarbeit der niedergelassenen und in den Kliniken t\u00e4tigen \u00c4rzten an. Durch die vernetzte Kompetenz k\u00f6nnen wir Spitzenmedizin in einem Fl\u00e4chenland wie Schleswig-Holstein auch bis in die l\u00e4ndlichen Regionen des Landes erm\u00f6glichen. Dadurch kommt es zu einer gleich guten medizinischen Versorgung wie in den Metropolregionen L\u00fcbeck, Hamburg und Kiel. Wir sorgen daf\u00fcr, dass Sie in allen Stadien Ihrer Krebserkrankung die f\u00fcr Sie beste verf\u00fcgbare, ganzheitliche Behandlung erhalten k\u00f6nnen. Daf\u00fcr haben sich im NOZ alle f\u00fcr die Diagnostik, Therapie und Nachsorge einer Krebserkrankung relevanten Fachdisziplinen zusammengeschlossen.<\/p>\n<p>Durch die Kooperation profitieren Sie von kurzen Wegen und Wartezeiten und schneller Terminvergabe. Wir diskutieren Ihre Erkrankung in unseren Tumorkonferenzen, in denen wir durch gegenseitige Beratung objektive Behandlungsvorschl\u00e4ge machen k\u00f6nnen. Durch dieses Zweitmeinungsverfahren haben Sie eine hohe Behandlungssicherheit. Durch Teilnahme und Unterst\u00fctzung von Studien k\u00f6nnen wir modernste und aktuelle Therapieverfahren und Medikamente anbieten.<\/p>\n<p>Die Praxisinhaber sind alle Gr\u00fcndungsmitglieder. Dr. Jens Kisro ist Vorsitzender des Vereins.<\/p>\n<p>&nbsp;<\/p>\n<\/div>\n<\/div><\/div>\n<div id=\"cmsmasters_column_9cuou4s5mm\" class=\"cmsmasters_column one_half\">\n<div class=\"cmsmasters_column_inner\"><div class=\"cmsmasters_img  cmsmasters_image_n\"><img src=\"https:\/\/www.onkologie-luebeck.de\/page\/wp-content\/uploads\/2018\/08\/kooperation-brustzentrum-ostholstein.gif\" \/><\/div><div class=\"cmsmasters_text\">\n<p>&nbsp;<\/p>\n<p>Das Brustzentrum Ostholstein mit seinem Standort an der Sana Klinik Eutin wurde 2003 gegr\u00fcndet und hat sich seither qualitativ st\u00e4ndig weiterentwickelt. Ein Netzwerk von Spezialisten aus Klinik und Praxis arbeitet als Team zusammen, um alle notwendigen Kompetenzen f\u00fcr eine umfassende, qualit\u00e4tsgesicherte und an der PatientIn orientierte Behandlung zu sichern.<\/p>\n<p>Das Brustzentrum Ostholstein wurde mit der Philosophie gegr\u00fcndet, betroffenen Patientinnen eine wohnortnahe, kompetente und qualitativ hochwertige Versorgung anzubieten. Aus dem Sana-Verbund geh\u00f6rt das Zentrum f\u00fcr Gyn\u00e4kologie und Geburtshilfe der Sana Kliniken Ostholstein zu den Gr\u00fcndungsmitgliedern des Zentrums, das mit zahlreichen Fach\u00e4rzten Ostholsteins kooperiert. W\u00f6chentliche interdisziplin\u00e4re Tumorkonferenzen sowie die Einbindung der QuaMaDi und des Mammografie-Screenings sorgen f\u00fcr einen hohen Qualit\u00e4tsstandard.<\/p>\n<p>Der Standort Eutin wurde nach den Anforderungen der Deutschen Krebsgesellschaft und der Deutschen Gesellschaft f\u00fcr Senologie zertifiziert.<\/p>\n<\/div>\n<\/div><\/div>\n<\/div>\n<\/div>\n<\/div>\n<\/div>\n<\/div>\n<div id=\"cmsmasters_row_8kz503z3ck\" class=\"cmsmasters_row cmsmasters_color_scheme_default cmsmasters_row_top_default cmsmasters_row_bot_default cmsmasters_row_boxed\">\n<div class=\"cmsmasters_row_outer_parent\">\n<div class=\"cmsmasters_row_outer\">\n<div class=\"cmsmasters_row_inner\">\n<div class=\"cmsmasters_row_margin\">\n<div id=\"cmsmasters_column_v1pff7qmqh\" class=\"cmsmasters_column one_half\">\n<div class=\"cmsmasters_column_inner\"><div class=\"cmsmasters_img  cmsmasters_image_n\"><img src=\"https:\/\/www.onkologie-luebeck.de\/page\/wp-content\/uploads\/2018\/08\/Snap-2018-08-30-at-11.42.58-e1535622980143.png\" \/><\/div><div class=\"cmsmasters_text\">\n<p>Im Brustzentrum Herzogtum Lauenburg \/ \u00f6stliches Hamburg (BzHzgtL\/\u00f6HH) finden sich hierf\u00fcr sehr gute Voraussetzungen. So wird beispielsweise im Rahmen eines pers\u00f6nlichen Gespr\u00e4ches mit der Patientin zusammen ein individuelles, leitliniengerechtes Behandlungskonzept entwickelt, welches auch auf spezielle Bed\u00fcrfnisse wie nach einem erneuten Brustwiederaufbau eingeht.<\/p>\n<address>Alle Patientinnen haben die M\u00f6glichkeit, sich auch nach Abschluss der eigentlichen Behandlung jederzeit Rat in den vier Standorten des BzHzgtL\/\u00f6HH\u00a0zu holen.&nbsp;<\/p>\n<p>Die ausgepr\u00e4gte Patientenorientierung z\u00e4hlt zu den vorrangigen Zielen des BzHzgtL\/\u00f6HH.<\/p>\n<\/address>\n<p>Das BzHzgtL\/\u00f6HH\u00a0hat im Zusammenhang mit der Behandlung von Brustkrebs folgende Vision:<\/p>\n<p>Aufgrund fr\u00fchzeitiger Erkennung und optimaler Behandlung muss eine Frau mit der Diagnose \u201eBrustkrebs\u201c weder sterben noch Beeintr\u00e4chtigungen in der Lebensqualit\u00e4t und der Lebenserwartung hinnehmen. Brustkrebs ist vollst\u00e4ndig heilbar.<\/p>\n<p>F\u00fcr die Realisierung seiner Vision verfolgt das BzHzgtL\/\u00f6HH\u00a0unabh\u00e4ngig der Anerkennung der (Qualit\u00e4ts-)Ziele des Disease-Management-Programms Brustkrebs in Schleswig-Holstein &#8211; folgende Ziele:<\/p>\n<p>Grunds\u00e4tzliche Ziele:<\/p>\n<p>F\u00f6rderung und kontinuierliche Verbesserung der sektor\u00fcbergreifenden Versorgung<\/p>\n<p>Durchf\u00fchrung einer qualit\u00e4tsgesicherten Brustkrebsbehandlung<\/p>\n<p>Sicherstellung der Patientenorientierung<\/p>\n<p>F\u00f6rderung und kontinuierliche Verbesserung der Patientenbeteiligung.<\/p>\n<p>Teilnahme am DMP Brustkrebs in Schleswig-Holstein.<\/p>\n<p>Zertifizierung als Brustzentrum gem\u00e4\u00df den fachlichen Anforderungen der Deutschen Krebsgesellschaft und der Deutschen Gesellschaft f\u00fcr Senologie.<\/p>\n<\/div>\n<\/div><\/div>\n<div id=\"cmsmasters_column_35gg4hf6tn\" class=\"cmsmasters_column one_half\">\n<div class=\"cmsmasters_column_inner\"><\/div><\/div>\n<\/div>\n<\/div>\n<\/div>\n<\/div>\n<\/div>\n\n","protected":false},"excerpt":{"rendered":"","protected":false},"author":1,"featured_media":0,"parent":0,"menu_order":0,"comment_status":"closed","ping_status":"closed","template":"","meta":[],"_links":{"self":[{"href":"https:\/\/www.onkologie-luebeck.de\/page\/wp-json\/wp\/v2\/pages\/14081"}],"collection":[{"href":"https:\/\/www.onkologie-luebeck.de\/page\/wp-json\/wp\/v2\/pages"}],"about":[{"href":"https:\/\/www.onkologie-luebeck.de\/page\/wp-json\/wp\/v2\/types\/page"}],"author":[{"embeddable":true,"href":"https:\/\/www.onkologie-luebeck.de\/page\/wp-json\/wp\/v2\/users\/1"}],"replies":[{"embeddable":true,"href":"https:\/\/www.onkologie-luebeck.de\/page\/wp-json\/wp\/v2\/comments?post=14081"}],"version-history":[{"count":12,"href":"https:\/\/www.onkologie-luebeck.de\/page\/wp-json\/wp\/v2\/pages\/14081\/revisions"}],"predecessor-version":[{"id":14096,"href":"https:\/\/www.onkologie-luebeck.de\/page\/wp-json\/wp\/v2\/pages\/14081\/revisions\/14096"}],"wp:attachment":[{"href":"https:\/\/www.onkologie-luebeck.de\/page\/wp-json\/wp\/v2\/media?parent=14081"}],"curies":[{"name":"wp","href":"https:\/\/api.w.org\/{rel}","templated":true}]}}