{"id":13985,"date":"2018-07-18T12:19:02","date_gmt":"2018-07-18T10:19:02","guid":{"rendered":"http:\/\/www.onkologie-luebeck.de\/page\/?page_id=13985"},"modified":"2025-10-07T13:30:09","modified_gmt":"2025-10-07T11:30:09","slug":"impressun","status":"publish","type":"page","link":"https:\/\/www.onkologie-luebeck.de\/page\/impressun\/","title":{"rendered":"Impressum"},"content":{"rendered":"<div id=\"cmsmasters_row_iyazhevbp6\" class=\"cmsmasters_row cmsmasters_color_scheme_default cmsmasters_row_top_default cmsmasters_row_bot_default cmsmasters_row_boxed\">\n<div class=\"cmsmasters_row_outer_parent\">\n<div class=\"cmsmasters_row_outer\">\n<div class=\"cmsmasters_row_inner\">\n<div class=\"cmsmasters_row_margin\">\n<div id=\"cmsmasters_column_wey5zf6mv2\" class=\"cmsmasters_column one_first\">\n<div class=\"cmsmasters_column_inner\"><div id=\"cmsmasters_heading_5o9fvo2abc\" class=\"cmsmasters_heading_wrap cmsmasters_heading_align_left\">\n\t<h2 class=\"cmsmasters_heading\">Impressum<\/h2>\n<\/div><div class=\"cmsmasters_text\">\n<p>Pflichtangaben<\/p>\n<p>Onkologische Gemeinschaftspraxis<\/p>\n<p>Dr. med. Jens Kisro, Dr. med. Klaus Weber<\/p>\n<p>Fach\u00e4rzte f\u00fcr Innere Medizin<br \/>\nH\u00e4matologie und Internistische Onkologie<br \/>\nPaul-Ehrlich-Str. 1-3<br \/>\n23562 L\u00fcbeck<br \/>\nTel: 0451 \/ 5021000<br \/>\nFax: 0451 \/ 5021020<\/p>\n<p>E-mail: <a href=\"mailto:praxis@uthgenannt.de\">praxis@uthgenannt.de<\/a><\/p>\n<p>Angeh\u00f6rige der <a href=\"http:\/\/www.aeksh.de\/\" target=\"_blank\" rel=\"noopener\">\u00c4rztekammer Schleswig Holstein<\/a><br \/>\n<a href=\"http:\/\/www.aeksh.de\/recht\/berufs00\/frame.htm\">Berufsordnung der \u00c4rztekammer Schleswig Holstein<\/a><br \/>\nMitglieder der <a href=\"http:\/\/www.kvsh.de\/\" target=\"_blank\" rel=\"noopener\">Kassen\u00e4rztlichen Vereinigung Schleswig Holstein<\/a><\/p>\n<p>Kontakt Medizinproduktesicherheitsbeauftragte: <a href=\"mailto:medizinproduktesicherheit@onkologie-luebeck.de\">medizinproduktesicherheit@onkologie-luebeck.de<\/a><\/p>\n<div class=\"ce_text block\">\n<p><a href=\"http:\/\/uthgenannt.de\/impressum.html?PHPSESSID=abb6c83d6c8b0123872c9c88a6599305&amp;PHPSESSID=9c12451db8cb87ad1d3288de326059f6&amp;PHPSESSID=63a874dde10413872a2395cedf5d6551&amp;PHPSESSID=29225bf955e3bf0c7ad74d983fa2ea77#Disclaimer\">Haftungsausschluss \/ Dislaimer<\/a><\/p>\n<\/div>\n<div class=\"ce_text block\">\n<h2>Konzept und Realisierung Internetpr\u00e4senz:<\/h2>\n<p>ONKOCONSULT &#8211; eHealth solutions<br \/>\nfon: 0177 62 98 908<br \/>\nmail: <a title=\"E-mail\" href=\"mailto:vertrieb@onkoconsult.de\">vertrieb@onkoconsult.de<\/a><br \/>\nweb: <a href=\"http:\/\/www.onkoconsult.de\" target=\"_blank\" rel=\"noopener\">www.onkoconsult.de<\/a><\/p>\n<h2>Fotografie:<\/h2>\n<p>TIMO WILKE Fotografie<br \/>\nfon: 0431 \u2013 38 66 283<br \/>\nmail: <a title=\"E-mail\" href=\"mailto:mail@timowilke.de\">mail@timowilke.de<\/a><br \/>\nweb: <a href=\"http:\/\/www.timowilke.de\" target=\"_blank\" rel=\"noopener\">www.timowilke.de<\/a><\/p>\n<\/div>\n<div class=\"ce_text block\">\n<h2>Domaindaten<\/h2>\n<p>Zust\u00e4ndig f\u00fcr Probleme rechtlicher und administrativer Art ist der Domaininhaber. Ansprechpartner bei dem Domaininhaber f\u00fcr rechtliche und administrative Probleme ist der administrative Ansprechpartner (admin-c). Die Ansprechpartner f\u00fcr technische Probleme sind der technische Ansprechpartner (tech-c) und der Zonenverwalter (zone-c).<\/p>\n<table id=\"tabelle-impressum\">\n<tbody>\n<tr>\n<td>Domainname:<\/td>\n<td><\/td>\n<\/tr>\n<tr>\n<td>Domaininhaber:<\/td>\n<td>Dr.med. Jens Kisro<\/td>\n<\/tr>\n<tr>\n<td>Status:<\/td>\n<td>konnektiert<\/td>\n<\/tr>\n<tr>\n<td>Letzte Aktualisierung:<\/td>\n<td><strong>06.2018<\/strong><\/td>\n<\/tr>\n<\/tbody>\n<\/table>\n<p><strong>Administrativer Ansprechpartner, technischer Ansprechpartner, Zonenverwalter<\/strong><\/p>\n<table id=\"tabelle-impressum\">\n<tbody>\n<tr>\n<td>Name:<\/td>\n<td>Dr.med. Jens Kisro<\/td>\n<\/tr>\n<tr>\n<td>Kontakttyp:<\/td>\n<td>Gemeinschaftspraxis<\/td>\n<\/tr>\n<tr>\n<td>Adresse:<\/td>\n<td>Arztpraxis Einzelfirma<br \/>\nPaul-Ehrlich-Str. 1-3<\/td>\n<\/tr>\n<tr>\n<td>Stadt:<\/td>\n<td>L\u00fcbeck<\/td>\n<\/tr>\n<tr>\n<td>PLZ:<\/td>\n<td>23562<\/td>\n<\/tr>\n<tr>\n<td>Land<\/td>\n<td>Germany<\/td>\n<\/tr>\n<tr>\n<td>Telefon:<\/td>\n<td>0451\/5021000<\/td>\n<\/tr>\n<tr>\n<td>E-Mail:<\/td>\n<td><a href=\"mailto:praxis@onkologie-luebeck.de\">praxis@onkologie-luebeck.de<\/a><\/td>\n<\/tr>\n<\/tbody>\n<\/table>\n<\/div>\n<div class=\"ce_text block\">\n<h2>Haftungsausschluss \/ Disclaimer<\/h2>\n<p>Alle Links\/Verweise auf unseren Internet-Seiten sind von uns sorgf\u00e4ltig gepr\u00fcft worden. Die gelinkten Internet-Seiten haben nach unserer Kenntnis keine rechtswidrigen, moralisch fragw\u00fcrdigen oder diffamierenden Inhalte.<\/p>\n<p>Doch viele Homepages sind so gro\u00df, dass wir sie unm\u00f6glich bis in den letzten Winkel durchforschen k\u00f6nnen. Noch weniger ist es machbar, alle dort angebotenen Weiterleitungen zu testen. Au\u00dferdem unterliegen Internet-Seiten einer st\u00e4ndigen \u00c4nderung.<\/p>\n<p><strong>Deshalb beachten Sie bitte:<\/strong><\/p>\n<p>Wir \u00fcbernehmen keine Verantwortung f\u00fcr Inhalt und weiterf\u00fchrende Verweise auf den Internet-Seiten, zu denen wir Links anbieten!<br \/>\nDaf\u00fcr sind ausschlie\u00dflich die Inhaber der gelinkten Internet-Seiten verantwortlich und haftbar zu machen!<\/p>\n<p>Wir sind bem\u00fcht unsere Link-Sammlung &#8222;sauber&#8220; zu halten! Bitte helfen Sie uns dabei, indem Sie uns eine kurze Nachricht senden, wenn Sie durch unsere Links\/Verweise an fragw\u00fcrdige Inhalte geraten: Wir werden diesen Link\/Verweis dann sofort entfernen &#8211;<br \/>\nVielen Dank!<\/p>\n<\/div>\n<div class=\"ce_text block\">\n<h2>Copyright<\/h2>\n<p>Sie d\u00fcrfen die Texte unserer Internet-Seiten vervielf\u00e4ltigen und ver\u00f6ffentlichen, aber nur unver\u00e4ndert, ungek\u00fcrzt und unter Angabe der Quelle.<\/p>\n<p>Wir verbitten uns nachdr\u00fccklich eine Ver\u00f6ffentlichung im Zusammenhang mit rechtswidrigen, radikalen, sittenwidrigen oder diffamierenden Inhalten. Sollte uns ein solcher Tatbestand bekannt werden, ergreifen wir strafrechtliche Ma\u00dfnahmen!<\/p>\n<p>Alle Fotos und Grafiken, auch Buttons und Hintergrundgrafiken unterliegen dem Urheberrecht.<\/p>\n<\/div>\n<\/div>\n<\/div><\/div>\n<\/div>\n<\/div>\n<\/div>\n<\/div>\n<\/div>\n\n","protected":false},"excerpt":{"rendered":"","protected":false},"author":1,"featured_media":0,"parent":0,"menu_order":0,"comment_status":"closed","ping_status":"closed","template":"","meta":[],"_links":{"self":[{"href":"https:\/\/www.onkologie-luebeck.de\/page\/wp-json\/wp\/v2\/pages\/13985"}],"collection":[{"href":"https:\/\/www.onkologie-luebeck.de\/page\/wp-json\/wp\/v2\/pages"}],"about":[{"href":"https:\/\/www.onkologie-luebeck.de\/page\/wp-json\/wp\/v2\/types\/page"}],"author":[{"embeddable":true,"href":"https:\/\/www.onkologie-luebeck.de\/page\/wp-json\/wp\/v2\/users\/1"}],"replies":[{"embeddable":true,"href":"https:\/\/www.onkologie-luebeck.de\/page\/wp-json\/wp\/v2\/comments?post=13985"}],"version-history":[{"count":7,"href":"https:\/\/www.onkologie-luebeck.de\/page\/wp-json\/wp\/v2\/pages\/13985\/revisions"}],"predecessor-version":[{"id":14230,"href":"https:\/\/www.onkologie-luebeck.de\/page\/wp-json\/wp\/v2\/pages\/13985\/revisions\/14230"}],"wp:attachment":[{"href":"https:\/\/www.onkologie-luebeck.de\/page\/wp-json\/wp\/v2\/media?parent=13985"}],"curies":[{"name":"wp","href":"https:\/\/api.w.org\/{rel}","templated":true}]}}