{"id":13875,"date":"2018-07-17T14:59:41","date_gmt":"2018-07-17T12:59:41","guid":{"rendered":"http:\/\/www.onkologie-luebeck.de\/page\/?page_id=13875"},"modified":"2018-08-03T17:13:37","modified_gmt":"2018-08-03T15:13:37","slug":"qualitaetsmanagement","status":"publish","type":"page","link":"https:\/\/www.onkologie-luebeck.de\/page\/qualitaetsmanagement\/","title":{"rendered":"Qualit\u00e4tsmanagement"},"content":{"rendered":"<div id=\"cmsmasters_row_iyazhevbp6\" class=\"cmsmasters_row cmsmasters_color_scheme_default cmsmasters_row_top_default cmsmasters_row_bot_default cmsmasters_row_boxed\">\n<div class=\"cmsmasters_row_outer_parent\">\n<div class=\"cmsmasters_row_outer\">\n<div class=\"cmsmasters_row_inner\">\n<div class=\"cmsmasters_row_margin\">\n<div id=\"cmsmasters_column_wey5zf6mv2\" class=\"cmsmasters_column one_first\">\n<div class=\"cmsmasters_column_inner\"><div id=\"cmsmasters_heading_5o9fvo2abc\" class=\"cmsmasters_heading_wrap cmsmasters_heading_align_left\">\n\t<h2 class=\"cmsmasters_heading\">Qualit\u00e4tsmanagement &#8211; f\u00fcr bessere Leistungen und optimalen Service<\/h2>\n<\/div><div class=\"cmsmasters_text\">\n<p>Die \u00c4rzte der L\u00fcbecker Onkologischen Schwerpunktpraxis sind spezialisierte langj\u00e4hrig t\u00e4tige H\u00e4mato-\/Onkologen mit europ\u00e4ischer Zertifizierung. J\u00e4hrlich werden von uns mehrere nationale und internationale Kongresse besucht. Damit haben wir immer Zugriff auf die neuesten Studien und Forschungsergebnisse und lassen dieses Wissen in die t\u00e4gliche Arbeit einflie\u00dfen.<\/p>\n<p>Zus\u00e4tzlich sind uns auch die Abl\u00e4ufe und Prozesse innerhalb des Praxisbetriebes wichtig. Das Betreiben eines Qualit\u00e4tsmanagementsystems ist gesetzlich vorgeschrieben und wurde von uns bereits im Jahr 2006 eingef\u00fchrt. Deshalb werden wir j\u00e4hrlich von der Dekra zertifiziert. Unser Qualit\u00e4tsmanagementsystem umfasst die folgenden Bereiche:<\/p>\n<ul>\n<li>Interne Dokumentation (Einf\u00fchrung neuer Projekte, Dokumentationslenkung)<\/li>\n<li>Patientenbezogene Prozesse (Anmeldung, Anamnese)<\/li>\n<li>Externe Prozesse (Einkauf, Materialwirtschaft)<\/li>\n<li>Sicherheitsmanagement (Fehlermanagement, Hygieneplan)<\/li>\n<li>Internet Kommunikation (Supervision und Einarbeitung)<\/li>\n<\/ul>\n<p>Die strengen Qualit\u00e4tskontrollen unabh\u00e4ngiger externer Sachverst\u00e4ndiger sichern unseren Patienten einen hohen Behandlungsstandard und reibungslose Abl\u00e4ufe im Praxisalltag.<\/p>\n<\/div>\n<\/div><\/div>\n<\/div>\n<\/div>\n<\/div>\n<\/div>\n<\/div>\n\n","protected":false},"excerpt":{"rendered":"","protected":false},"author":1,"featured_media":0,"parent":0,"menu_order":0,"comment_status":"closed","ping_status":"closed","template":"","meta":[],"_links":{"self":[{"href":"https:\/\/www.onkologie-luebeck.de\/page\/wp-json\/wp\/v2\/pages\/13875"}],"collection":[{"href":"https:\/\/www.onkologie-luebeck.de\/page\/wp-json\/wp\/v2\/pages"}],"about":[{"href":"https:\/\/www.onkologie-luebeck.de\/page\/wp-json\/wp\/v2\/types\/page"}],"author":[{"embeddable":true,"href":"https:\/\/www.onkologie-luebeck.de\/page\/wp-json\/wp\/v2\/users\/1"}],"replies":[{"embeddable":true,"href":"https:\/\/www.onkologie-luebeck.de\/page\/wp-json\/wp\/v2\/comments?post=13875"}],"version-history":[{"count":5,"href":"https:\/\/www.onkologie-luebeck.de\/page\/wp-json\/wp\/v2\/pages\/13875\/revisions"}],"predecessor-version":[{"id":14049,"href":"https:\/\/www.onkologie-luebeck.de\/page\/wp-json\/wp\/v2\/pages\/13875\/revisions\/14049"}],"wp:attachment":[{"href":"https:\/\/www.onkologie-luebeck.de\/page\/wp-json\/wp\/v2\/media?parent=13875"}],"curies":[{"name":"wp","href":"https:\/\/api.w.org\/{rel}","templated":true}]}}