{"id":13854,"date":"2018-07-17T12:50:57","date_gmt":"2018-07-17T10:50:57","guid":{"rendered":"http:\/\/www.onkologie-luebeck.de\/page\/?page_id=13854"},"modified":"2024-07-30T12:36:50","modified_gmt":"2024-07-30T10:36:50","slug":"auszubildende","status":"publish","type":"page","link":"https:\/\/www.onkologie-luebeck.de\/page\/auszubildende\/","title":{"rendered":"Auszubildende"},"content":{"rendered":"<div id=\"cmsmasters_row_iyazhevbp6\" class=\"cmsmasters_row cmsmasters_color_scheme_default cmsmasters_row_top_default cmsmasters_row_bot_default cmsmasters_row_boxed\">\n<div class=\"cmsmasters_row_outer_parent\">\n<div class=\"cmsmasters_row_outer\">\n<div class=\"cmsmasters_row_inner\">\n<div class=\"cmsmasters_row_margin\">\n<div id=\"cmsmasters_column_wey5zf6mv2\" class=\"cmsmasters_column one_first\">\n<div class=\"cmsmasters_column_inner\"><div id=\"cmsmasters_heading_5o9fvo2abc\" class=\"cmsmasters_heading_wrap cmsmasters_heading_align_left\">\n\t<h2 class=\"cmsmasters_heading\">Auszubildende sichern die Zukunft unserer Praxis<\/h2>\n<\/div><div class=\"cmsmasters_text\">\n<p>Damit f\u00fcr unsere Patienten jederzeit eine bestm\u00f6gliche Behandlung gew\u00e4hrleistet ist, denken wir auch an die Zukunft. Deshalb bilden wir laufend zur medizinischen Fachangestellten \/ zum medizinischen Fachangestellten aus.<\/p>\n<p>Zurzeit bilden wir vier junge Azubis in unserer Praxis aus:<\/p>\n<ul>\n<li>G\u00fclnur Seylan<\/li>\n<li>Jasmin Wicht<\/li>\n<li>Humeira Achackzai<\/li>\n<\/ul>\n<p>Als Ausbildungsbetrieb liegt uns die Qualit\u00e4t der Lehre am Herzen. Somit f\u00f6rdern wir unsere Azubis umfangreich und stets auf hohem Niveau. Angenehme Umgangsformen tragen auch dem Ausbildungserfolg bei.\u00a0 Wir halten es f\u00fcr sehr wichtig, dass unsere Azubis bestm\u00f6glich in den Arbeitsalltag integriert werden und nach entsprechender Einweisung die \u00fcblichen Herausforderungen des Tages selbstst\u00e4ndig meistern.<\/p>\n<p>Zum Aufgabenspektrum der Auszubildenden geh\u00f6ren u.a.:<\/p>\n<ul>\n<li>Assistenz der \u00c4rzte bei Untersuchungen und Behandlungen<\/li>\n<li>Betreuung und Beratung der Patienten<\/li>\n<li>Laborarbeiten<\/li>\n<li>Verwaltungsarbeiten<\/li>\n<\/ul>\n<p>Durch die Gr\u00f6\u00dfe der Praxis lernen die Auszubildenden eine Bandbreite an medizinischen Inhalten kennen.<\/p>\n<p>Haben Sie Interesse an einer Ausbildung in unserem Hause? Wir freuen uns auf Ihre aussagekr\u00e4ftige Bewerbung!<\/p>\n<\/div>\n<\/div><\/div>\n<\/div>\n<\/div>\n<\/div>\n<\/div>\n<\/div>\n\n","protected":false},"excerpt":{"rendered":"","protected":false},"author":1,"featured_media":0,"parent":0,"menu_order":0,"comment_status":"closed","ping_status":"closed","template":"","meta":[],"_links":{"self":[{"href":"https:\/\/www.onkologie-luebeck.de\/page\/wp-json\/wp\/v2\/pages\/13854"}],"collection":[{"href":"https:\/\/www.onkologie-luebeck.de\/page\/wp-json\/wp\/v2\/pages"}],"about":[{"href":"https:\/\/www.onkologie-luebeck.de\/page\/wp-json\/wp\/v2\/types\/page"}],"author":[{"embeddable":true,"href":"https:\/\/www.onkologie-luebeck.de\/page\/wp-json\/wp\/v2\/users\/1"}],"replies":[{"embeddable":true,"href":"https:\/\/www.onkologie-luebeck.de\/page\/wp-json\/wp\/v2\/comments?post=13854"}],"version-history":[{"count":6,"href":"https:\/\/www.onkologie-luebeck.de\/page\/wp-json\/wp\/v2\/pages\/13854\/revisions"}],"predecessor-version":[{"id":14184,"href":"https:\/\/www.onkologie-luebeck.de\/page\/wp-json\/wp\/v2\/pages\/13854\/revisions\/14184"}],"wp:attachment":[{"href":"https:\/\/www.onkologie-luebeck.de\/page\/wp-json\/wp\/v2\/media?parent=13854"}],"curies":[{"name":"wp","href":"https:\/\/api.w.org\/{rel}","templated":true}]}}