{"id":13764,"date":"2018-07-16T11:39:48","date_gmt":"2018-07-16T09:39:48","guid":{"rendered":"http:\/\/www.onkologie-luebeck.de\/page\/?page_id=13764"},"modified":"2025-06-27T10:10:10","modified_gmt":"2025-06-27T08:10:10","slug":"praxisteam","status":"publish","type":"page","link":"https:\/\/www.onkologie-luebeck.de\/page\/praxisteam\/","title":{"rendered":"Praxisteam"},"content":{"rendered":"<div id=\"cmsmasters_row_iyazhevbp6\" class=\"cmsmasters_row cmsmasters_color_scheme_default cmsmasters_row_top_default cmsmasters_row_bot_default cmsmasters_row_boxed\">\n<div class=\"cmsmasters_row_outer_parent\">\n<div class=\"cmsmasters_row_outer\">\n<div class=\"cmsmasters_row_inner\">\n<div class=\"cmsmasters_row_margin\">\n<div id=\"cmsmasters_column_wey5zf6mv2\" class=\"cmsmasters_column one_first\">\n<div class=\"cmsmasters_column_inner\"><div id=\"cmsmasters_heading_5o9fvo2abc\" class=\"cmsmasters_heading_wrap cmsmasters_heading_align_left\">\n\t<h2 class=\"cmsmasters_heading\">Praxisteam<\/h2>\n<\/div><div class=\"cmsmasters_text\">\n<p>In der L\u00fcbecker Onkologischen Schwerpunktpraxis arbeiten motivierte und freundliche MitarbeiterInnen in verschiedenen Teams zusammen. Wir m\u00f6chten Ihnen hier die Teams vorstellen und Ihnen einen Einblick \u00fcber unsere Arbeit geben.<\/p>\n<div class=\"cmsmasters_toggles toggles_mode_accordion\">\n<div class=\"cmsmasters_toggle_wrap current_toggle\" data-tags=\"all \">\n<div class=\"cmsmasters_toggle_title\">\n<span class=\"cmsmasters_toggle_plus\">\n<span class=\"cmsmasters_toggle_plus_hor\"><\/span>\n<span class=\"cmsmasters_toggle_plus_vert\"><\/span>\n<\/span>\n<a href=\"#\">Praxismanagement<\/a>\n<\/div>\n<div class=\"cmsmasters_toggle\">\n<div class=\"cmsmasters_toggle_inner\">\n<div class=\"ce_text block\">\n<div class=\"cmsmasters_img  cmsmasters_image_n\"><img src=\"https:\/\/www.onkologie-luebeck.de\/page\/wp-content\/uploads\/2018\/07\/Gruppenbild_v01_Onkologie-L\u00fcbeck_0162.jpg.jpg\" alt=\"Praxismanagement\" \/><\/div>\n<p>&nbsp;<\/p>\n<p>Das Praxisleitungsteam ist die \u201erechte Hand\u201c der \u00c4rzte. Hier laufen alle F\u00e4den zusammen, denn eine gut durchdachte Organisation ist f\u00fcr einen reibungslosen Ablauf unabdingbar. Im Arbeitsalltag ist somit ein ruhiges und stressreduziertes Arbeiten gew\u00e4hrleistet.<\/p>\n<p>F\u00fcr die Abrechnung und das Controlling ist die Praxisleitung ebenfalls zust\u00e4ndig.<\/p>\n<p>Auch die Koordination von Mitarbeiterschulungen und Pr\u00e4ventionsma\u00dfnahmen werden durch das Praxisleitungsteam gesteuert.<\/p>\n<p>&nbsp;<\/p>\n<\/div>\n<div class=\"ce_text block\">\n<h3>Praxismanagerin<\/h3>\n<p>Frau Janina Fiergolla agiert als Praxismanagerin, zusammen mit Frau Sabine Pump und Frau Carolin Hoffmann bilden sie das Praxisleitungs-Team und\u00a0sind Ansprechpartnerinnen f\u00fcr alle Mitarbeitenden. Dar\u00fcber hinaus leiten sie den Einkauf und das Rechnungswesen der L\u00fcbecker Onkologischen Schwerpunktpraxis.<\/p>\n<\/div>\n<div class=\"ce_text block\">\n<h3>Qualit\u00e4tsmanagement<\/h3>\n<p>Als Qualit\u00e4tsmanagerin sind Frau Janina Fiergolla und Frau Sabine Pump f\u00fcr die Prozesse und Abl\u00e4ufe in unserer Praxis zust\u00e4ndig.<\/p>\n<\/div>\n<div class=\"ce_text block\">\n<h3>Sekretariat<\/h3>\n<p>Frau Sabine Pump erledigt alle anstehenden B\u00fcro- und Verwaltungsarbeiten.<\/p>\n<\/div>\n<div class=\"ce_text block\">\n<h3>Studienkoordinatorin<\/h3>\n<p>Frau Verena Ebens-Cichon\/Frau Ann-Sofie Blisse sind als Koordinatorinnen unseres Studienzentrums f\u00fcr die internen Abl\u00e4ufe zust\u00e4ndig. Au\u00dferdem sind sie im Rahmen der durchgef\u00fchrten Studien Ansprechpartnerinnen f\u00fcr die Patienten.<\/p>\n<\/div>\n<div class=\"ce_text block\">\n<h3>Telefon-Service<\/h3>\n<p>Frau Jacqueline Wendorf ist verantwortlich f\u00fcr den ersten telefonischen Kontakt. Sie wird durch ihr \u00e4u\u00dferst freundliches und entgegenkommendes Wesen versuchen, jedem Anrufer seine W\u00fcnsche zu erf\u00fcllen, insbesondere sorgt Sie daf\u00fcr, dass jeder Patient einen raschen Termin in unserer Praxis erh\u00e4lt.<\/p>\n<\/div>\n<\/div>\n<\/div>\n<\/div><div class=\"cmsmasters_toggle_wrap\" data-tags=\"all \">\n<div class=\"cmsmasters_toggle_title\">\n<span class=\"cmsmasters_toggle_plus\">\n<span class=\"cmsmasters_toggle_plus_hor\"><\/span>\n<span class=\"cmsmasters_toggle_plus_vert\"><\/span>\n<\/span>\n<a href=\"#\">Therapieteam<\/a>\n<\/div>\n<div class=\"cmsmasters_toggle\">\n<div class=\"cmsmasters_toggle_inner\">\n<div class=\"cmsmasters_img  cmsmasters_image_n\"><img src=\"https:\/\/www.onkologie-luebeck.de\/page\/wp-content\/uploads\/2018\/07\/Gruppenbild_v01_Onkologie-L\u00fcbeck_0294.jpg.jpg\" \/><\/div>\n<p>&nbsp;<\/p>\n<p>Das Therapieteam besteht aus ausgebildeten Arzthelferinnen und Krankenschwestern mit spezieller Weiterbildung im Bereich Onkologie.<\/p>\n<p>Die Krebstherapie so angenehm wie m\u00f6glich f\u00fcr Sie zu gestalten, ist unser Ziel. Die Mitarbeiterinnen des Teams sind jederzeit Ihr Ansprechpartner. Vor der Behandlung, w\u00e4hrend dieser und danach.<\/p>\n<p>Sie erhalten gerne unsere Unterst\u00fctzung. Da eine enge Absprache mit Ihrem behandelnden Arzt erfolgt, wird er von Ihren Anliegen erfahren und Sie m\u00fcssen sich um nichts k\u00fcmmern.<\/p>\n<p>In der Ausbildung haben die Mitarbeiterinnen gelernt sich speziell auf die Patienten w\u00e4hrend einer onkologischen Therapie einzustellen. Das Team besteht seit mehreren Jahren und hat ein hohes Ma\u00df an Erfahrung.<\/p>\n<p>Sie k\u00f6nnen uns jederzeit \u00fcber die L\u00fcbecker Onkologische Schwerpunktpraxis erreichen.<\/p>\n<\/div>\n<\/div>\n<\/div><div class=\"cmsmasters_toggle_wrap\" data-tags=\"all \">\n<div class=\"cmsmasters_toggle_title\">\n<span class=\"cmsmasters_toggle_plus\">\n<span class=\"cmsmasters_toggle_plus_hor\"><\/span>\n<span class=\"cmsmasters_toggle_plus_vert\"><\/span>\n<\/span>\n<a href=\"#\">Laborteam<\/a>\n<\/div>\n<div class=\"cmsmasters_toggle\">\n<div class=\"cmsmasters_toggle_inner\">\n<p>In dem Labor der L\u00fcbecker Onkologischen Schwerpunktpraxis arbeiten motivierte und gewissenhafte Mitarbeiterinnen f\u00fcr Sie.<\/p>\n<p>Durch die neuesten Ger\u00e4te kann die Richtigkeit und Genauigkeit der Messwerte gew\u00e4hrleistet werden.<br \/>\nSo ist es mit unserem leistungsstarken Blutmessger\u00e4t m\u00f6glich, innerhalb einer Minute die wesentlichen Blutwerte zu bestimmen. Damit k\u00f6nnen die Mitarbeiterinnen sofort feststellen, ob die gew\u00e4hlte Medikamentenbehandlung gefahrlos appliziert werden kann, die durchgef\u00fchrte Behandlung bei Bluterkrankungen gewirkt hat und auch ob Bluttransfusionen n\u00f6tig sind.<\/p>\n<\/div>\n<\/div>\n<\/div><div class=\"cmsmasters_toggle_wrap\" data-tags=\"all \">\n<div class=\"cmsmasters_toggle_title\">\n<span class=\"cmsmasters_toggle_plus\">\n<span class=\"cmsmasters_toggle_plus_hor\"><\/span>\n<span class=\"cmsmasters_toggle_plus_vert\"><\/span>\n<\/span>\n<a href=\"#\">Studiensekretariat<\/a>\n<\/div>\n<div class=\"cmsmasters_toggle\">\n<div class=\"cmsmasters_toggle_inner\">\n<h1>Koordination des Studienzentrums<\/h1>\n<p>Die L\u00fcbecker Onkologische Schwerpunktpraxis und ihre Zweigpraxen in Bad Segeberg und Neustadt nehmen regelm\u00e4\u00dfig an Medikamentenstudien teil. Die Studien unterliegen strengsten Qualit\u00e4tskriterien. Durch die Studien haben die Patienten Zugang zu Medikamenten, die noch nicht am Markt verf\u00fcgbar sind. Die Teilnahme an einer Studie ist f\u00fcr die Patienten selbstverst\u00e4ndlich immer freiwillig.<\/p>\n<p>Damit die zahlreichen Studien optimal koordiniert werden k\u00f6nnen, wurde ein Studiensekretariat eingerichtet. Als Studienkoordinatorinnen sind Frau Verena Ebens-Cichon und Frau Ann-Sophie Blisse f\u00fcr die internen Abl\u00e4ufe rund um die Studien, wie z.B. f\u00fcr die Abstimmung der Termine und die Dokumentation mit den Auftraggebern der Studien zust\u00e4ndig.<\/p>\n<p>Neben den organisatorischen T\u00e4tigkeiten stehen Frau Ebens-Cichon und Frau Ann-Sophie Blisse Ihnen gerne bei Fragen und Informationen bez\u00fcglich der durchgef\u00fchrten Studien als Ansprechpartnerin zur Verf\u00fcgung.<\/p>\n<\/div>\n<\/div>\n<\/div><div class=\"cmsmasters_toggle_wrap\" data-tags=\"all \">\n<div class=\"cmsmasters_toggle_title\">\n<span class=\"cmsmasters_toggle_plus\">\n<span class=\"cmsmasters_toggle_plus_hor\"><\/span>\n<span class=\"cmsmasters_toggle_plus_vert\"><\/span>\n<\/span>\n<a href=\"#\">Auszubildende<\/a>\n<\/div>\n<div class=\"cmsmasters_toggle\">\n<div class=\"cmsmasters_toggle_inner\">\n<h1>Auszubildende sichern die Zukunft unserer Praxis<\/h1>\n<p>Damit f\u00fcr unsere Patienten jederzeit eine bestm\u00f6gliche Behandlung gew\u00e4hrleistet ist, denken wir auch an die Zukunft. Deshalb bilden wir laufend zur medizinischen Fachangestellten \/ zum medizinischen Fachangestellten aus.<\/p>\n<p>Als Ausbildungsbetrieb liegt uns die Qualit\u00e4t der Lehre am Herzen. Somit f\u00f6rdern wir unsere Azubis umfangreich und stets auf hohem Niveau. Angenehme Umgangsformen tragen auch dem Ausbildungserfolg bei. Wir halten es f\u00fcr sehr wichtig, dass unsere Azubis bestm\u00f6glich in den Arbeitsalltag integriert werden und nach entsprechender Einweisung die \u00fcblichen Herausforderungen des Tages selbstst\u00e4ndig meistern.<\/p>\n<p>Zum Aufgabenspektrum der Auszubildenden geh\u00f6ren u.a.:<\/p>\n<ul>\n<li>Assistenz der \u00c4rzte bei Untersuchungen und Behandlungen<\/li>\n<li>Betreuung und Beratung der Patienten<\/li>\n<li>Laborarbeiten<\/li>\n<li>Verwaltungsarbeiten<\/li>\n<\/ul>\n<p>Durch die Gr\u00f6\u00dfe der Praxis lernen die Auszubildenden eine Bandbreite an medizinischen Inhalten kennen.<\/p>\n<p>Haben Sie Interesse an einer Ausbildung in unserem Hause? Wir freuen uns auf Ihre aussagekr\u00e4ftige Bewerbung!<\/p>\n<\/div>\n<\/div>\n<\/div><\/div>\n<\/div>\n<\/div><\/div>\n<\/div>\n<\/div>\n<\/div>\n<\/div>\n<\/div>\n\n","protected":false},"excerpt":{"rendered":"","protected":false},"author":1,"featured_media":0,"parent":0,"menu_order":0,"comment_status":"closed","ping_status":"closed","template":"","meta":[],"_links":{"self":[{"href":"https:\/\/www.onkologie-luebeck.de\/page\/wp-json\/wp\/v2\/pages\/13764"}],"collection":[{"href":"https:\/\/www.onkologie-luebeck.de\/page\/wp-json\/wp\/v2\/pages"}],"about":[{"href":"https:\/\/www.onkologie-luebeck.de\/page\/wp-json\/wp\/v2\/types\/page"}],"author":[{"embeddable":true,"href":"https:\/\/www.onkologie-luebeck.de\/page\/wp-json\/wp\/v2\/users\/1"}],"replies":[{"embeddable":true,"href":"https:\/\/www.onkologie-luebeck.de\/page\/wp-json\/wp\/v2\/comments?post=13764"}],"version-history":[{"count":16,"href":"https:\/\/www.onkologie-luebeck.de\/page\/wp-json\/wp\/v2\/pages\/13764\/revisions"}],"predecessor-version":[{"id":14225,"href":"https:\/\/www.onkologie-luebeck.de\/page\/wp-json\/wp\/v2\/pages\/13764\/revisions\/14225"}],"wp:attachment":[{"href":"https:\/\/www.onkologie-luebeck.de\/page\/wp-json\/wp\/v2\/media?parent=13764"}],"curies":[{"name":"wp","href":"https:\/\/api.w.org\/{rel}","templated":true}]}}