{"id":13751,"date":"2018-07-16T10:46:33","date_gmt":"2018-07-16T08:46:33","guid":{"rendered":"http:\/\/www.onkologie-luebeck.de\/page\/?page_id=13751"},"modified":"2026-02-04T15:30:31","modified_gmt":"2026-02-04T14:30:31","slug":"studienzentrum","status":"publish","type":"page","link":"https:\/\/www.onkologie-luebeck.de\/page\/studienzentrum\/","title":{"rendered":"Studienzentrum"},"content":{"rendered":"<div id=\"cmsmasters_row_8410a19b23\" class=\"cmsmasters_row cmsmasters_color_scheme_default cmsmasters_row_top_default cmsmasters_row_bot_default cmsmasters_row_boxed\">\n<div class=\"cmsmasters_row_outer_parent\">\n<div class=\"cmsmasters_row_outer\">\n<div class=\"cmsmasters_row_inner\">\n<div class=\"cmsmasters_row_margin\">\n<div id=\"cmsmasters_column_\" class=\"cmsmasters_column one_first\">\n<div class=\"cmsmasters_column_inner\"><div class=\"cmsmasters_img  cmsmasters_image_n\"><img src=\"https:\/\/www.onkologie-luebeck.de\/page\/wp-content\/uploads\/2026\/02\/studien_2026.png\" \/><\/div>\n<\/div><\/div>\n<\/div>\n<\/div>\n<\/div>\n<\/div>\n<\/div>\n<div id=\"cmsmasters_row_iyazhevbp6\" class=\"cmsmasters_row cmsmasters_color_scheme_default cmsmasters_row_top_default cmsmasters_row_bot_default cmsmasters_row_boxed\">\n<div class=\"cmsmasters_row_outer_parent\">\n<div class=\"cmsmasters_row_outer\">\n<div class=\"cmsmasters_row_inner\">\n<div class=\"cmsmasters_row_margin\">\n<div id=\"cmsmasters_column_wey5zf6mv2\" class=\"cmsmasters_column one_first\">\n<div class=\"cmsmasters_column_inner\"><div id=\"cmsmasters_heading_5o9fvo2abc\" class=\"cmsmasters_heading_wrap cmsmasters_heading_align_left\">\n\t<h2 class=\"cmsmasters_heading\">Studienzentrum<\/h2>\n<\/div><div class=\"cmsmasters_text\">\n<p>Studienzentrum der L\u00fcbecker Onkologischen Schwerpunktpraxis<\/p>\n<p>Seit 2004\u00a0 haben unsere Patienten die Gelegenheit, an ausgew\u00e4hlten, innovativen Studien auf dem Gebiet der Onkologie und H\u00e4matologie teilzunehmen.<\/p>\n<p>Das Studienzentrum der L\u00fcbecker Onkologischen Schwerpunktpraxis wird von Dr. Jens Kisro geleitet. Wir haben in den letzen Jahren an vielen verschiedenen regionalen, \u00fcberregionalen, nationalen und internationalen Studien teilgenommen.<\/p>\n<p>Die klinischen Studien verfolgen das Ziel, sowohl die Qualit\u00e4t in der Versorgung als auch in der Behandlung stetig zu verbessern. Das bedeutet f\u00fcr an Krebs erkrankte Patienten, dass sich die Heilungschancen, die Ansprechraten und die Lebensqualit\u00e4t erh\u00f6hen- oder die Nebenwirkungen vermindert werden k\u00f6nnen.<\/p>\n<p>Die Studien und die dazugeh\u00f6rige Betreuung erfolgt nach h\u00f6chsten nationalen und internationalen Standards. Dabei werden wir auch durch zus\u00e4tzliche externe Qualit\u00e4tspr\u00fcfungen (Audits) und Monitorings \u00fcberwacht.<\/p>\n<h2>Das Team<\/h2>\n<p>Der Leiter des Studienzentrums ist Dr. Jens Kisro. Als zus\u00e4tzliche Ansprechpartner stehen aber auch die Kollegen Dr. Uthgenannt, Dr. Weber und Dr. Paulsen zur Verf\u00fcgung.<\/p>\n<p>Als Studienkoordinatorinnen stimmen Frau Verena Ebens-Cichon und Frau Ann-Sofie Blisse die Termine und die Dokumentation mit den Auftraggebern der Studie ab.<\/p>\n<h2>Studien<\/h2>\n<p>Aktive Studien in denen noch Patienten aufgenommen werden k\u00f6nnen:<\/p>\n<div class=\"cmsmasters_tabs tabs_mode_tab\">\n<ul class=\"cmsmasters_tabs_list\">\n<li id=\"cmsmasters_tabs_list_item_1yaj4fhuwb\" class=\"cmsmasters_tabs_list_item current_tab\">\n<a href=\"#\" class=\"cmsmasters-icon-custom-11\">\n<span>Brustkrebs - Mamma-Ca<\/span>\n<\/a>\n<\/li><li id=\"cmsmasters_tabs_list_item_9p3j0ctyj\" class=\"cmsmasters_tabs_list_item\">\n<a href=\"#\" class=\"cmsmasters-icon-custom-11\">\n<span>CLL<\/span>\n<\/a>\n<\/li><li id=\"cmsmasters_tabs_list_item_9p3j0ceyj\" class=\"cmsmasters_tabs_list_item\">\n<a href=\"#\" class=\"cmsmasters-icon-custom-11\">\n<span>H\u00e4matologische Erkrankungen<\/span>\n<\/a>\n<\/li><\/ul>\n<div class=\"cmsmasters_tabs_wrap\">\n<div id=\"cmsmasters_tab_1yaj4fhuwb\" class=\"cmsmasters_tab active_tab\">\n<div class=\"cmsmasters_tab_inner\">\n<p>Eine unverblindete, randomisierte, zweiteilige Phase-3-Studie zum Vergleich von Gedatolisib in Kombination mit Palbociclib und Fulvestrant mit den Standardtherapien bei Patientinnen und Patienten mit HR+\/HER2- fortgeschrittenem Mammakarzinom, das mit einem CDK4\/6-Inhibitor in Kombination mit einem nichtsteroidalen Aromatasehemmer vorbehandelt ist. <strong>(VIKTORIA-1)<\/strong><\/p>\n<\/div>\n<\/div><div id=\"cmsmasters_tab_9p3j0ctyj\" class=\"cmsmasters_tab\">\n<div class=\"cmsmasters_tab_inner\">\n<p>Eine prospektive, offene, multizentrische, randomisierte Phase-3-Studie mit Acalabrutinib, Obinutuzumab und Venetoclax im Vergleich zu Obinutuzumab und Venetoclax bei zuvor unbehandelten Patienten mit Hochrisiko (17P-DELETION, TP53-MUTATION oder KOMPLEXEM KAROTYP) Chronischer Lymphatischer Leuk\u00e4mie. <strong>(CLL-16)<\/strong><\/p>\n<\/div>\n<\/div><div id=\"cmsmasters_tab_9p3j0ceyj\" class=\"cmsmasters_tab\">\n<div class=\"cmsmasters_tab_inner\">\n<p>Eine prospektive, offene, interventionelle Phase-4-Studie zur Untersuchung der Hydroxyurea (HU)-Resistenz\/-Intoleranz bei Patienten mit Polycythaemia vera, die pr\u00e4diktive Parameter erf\u00fcllen, die im maschinellen Lernprojekt PV-AIM mittels k\u00fcnstlicher Intelligenz identifiziert wurden. <strong>(HU-F-AIM)<\/strong><\/p>\n<\/div>\n<\/div><\/div>\n<\/div>\n<\/div>\n<\/div><\/div>\n<\/div>\n<\/div>\n<\/div>\n<\/div>\n<\/div>\n\n","protected":false},"excerpt":{"rendered":"","protected":false},"author":1,"featured_media":0,"parent":0,"menu_order":0,"comment_status":"closed","ping_status":"closed","template":"","meta":[],"_links":{"self":[{"href":"https:\/\/www.onkologie-luebeck.de\/page\/wp-json\/wp\/v2\/pages\/13751"}],"collection":[{"href":"https:\/\/www.onkologie-luebeck.de\/page\/wp-json\/wp\/v2\/pages"}],"about":[{"href":"https:\/\/www.onkologie-luebeck.de\/page\/wp-json\/wp\/v2\/types\/page"}],"author":[{"embeddable":true,"href":"https:\/\/www.onkologie-luebeck.de\/page\/wp-json\/wp\/v2\/users\/1"}],"replies":[{"embeddable":true,"href":"https:\/\/www.onkologie-luebeck.de\/page\/wp-json\/wp\/v2\/comments?post=13751"}],"version-history":[{"count":11,"href":"https:\/\/www.onkologie-luebeck.de\/page\/wp-json\/wp\/v2\/pages\/13751\/revisions"}],"predecessor-version":[{"id":14298,"href":"https:\/\/www.onkologie-luebeck.de\/page\/wp-json\/wp\/v2\/pages\/13751\/revisions\/14298"}],"wp:attachment":[{"href":"https:\/\/www.onkologie-luebeck.de\/page\/wp-json\/wp\/v2\/media?parent=13751"}],"curies":[{"name":"wp","href":"https:\/\/api.w.org\/{rel}","templated":true}]}}