{"id":13713,"date":"2018-07-14T14:20:29","date_gmt":"2018-07-14T12:20:29","guid":{"rendered":"http:\/\/www.onkologie-luebeck.de\/page\/?page_id=13713"},"modified":"2018-07-17T13:22:45","modified_gmt":"2018-07-17T11:22:45","slug":"dr-med-michael-paulsen","status":"publish","type":"page","link":"https:\/\/www.onkologie-luebeck.de\/page\/dr-med-michael-paulsen\/","title":{"rendered":"Dr. med. Michael Paulsen"},"content":{"rendered":"<div id=\"cmsmasters_row_8410a19b23\" class=\"cmsmasters_row cmsmasters_color_scheme_default cmsmasters_row_top_default cmsmasters_row_bot_default cmsmasters_row_boxed\">\n<div class=\"cmsmasters_row_outer_parent\">\n<div class=\"cmsmasters_row_outer\">\n<div class=\"cmsmasters_row_inner\">\n<div class=\"cmsmasters_row_margin\">\n<div id=\"cmsmasters_column_\" class=\"cmsmasters_column one_first\">\n<div class=\"cmsmasters_column_inner\"><div class=\"cmsmasters_img  cmsmasters_image_n\"><img src=\"https:\/\/www.onkologie-luebeck.de\/page\/wp-content\/uploads\/2018\/07\/dr-michael-paulsen-profil-details.jpg\" \/><\/div>\n<\/div><\/div>\n<\/div>\n<\/div>\n<\/div>\n<\/div>\n<\/div>\n<div id=\"cmsmasters_row_iyazhevbp6\" class=\"cmsmasters_row cmsmasters_color_scheme_default cmsmasters_row_top_default cmsmasters_row_bot_default cmsmasters_row_boxed\">\n<div class=\"cmsmasters_row_outer_parent\">\n<div class=\"cmsmasters_row_outer\">\n<div class=\"cmsmasters_row_inner\">\n<div class=\"cmsmasters_row_margin\">\n<div id=\"cmsmasters_column_wey5zf6mv2\" class=\"cmsmasters_column one_first\">\n<div class=\"cmsmasters_column_inner\"><div id=\"cmsmasters_heading_5o9fvo2abc\" class=\"cmsmasters_heading_wrap cmsmasters_heading_align_left\">\n\t<h2 class=\"cmsmasters_heading\">Portrait Dr. med. Michael Paulsen<\/h2>\n<\/div><div class=\"cmsmasters_text\" data-animation=\"fadeIn\" data-delay=\"0\">\n<h3>Mitgliedschaften<\/h3>\n<h6 style=\"text-align: left; padding-left: 30px;\">Deutsche Gesellschaften<br \/>\n<div id=\"cmsmasters_divider_n2yvz9nvlr\" class=\"cmsmasters_divider cmsmasters_divider_width_medium cmsmasters_divider_pos_left\"><\/div><br \/>\nDKG (Deutsche Krebsgesellschaft)<br \/>\nDGHO (Deutsche Gesellschaft f\u00fcr H\u00e4matologie und Onkologie)<\/h6>\n<h6><\/h6>\n<h6><\/h6>\n<h6 style=\"padding-left: 30px;\"><\/h6>\n<\/div>\n<\/div><\/div>\n<\/div>\n<\/div>\n<\/div>\n<\/div>\n<\/div>\n<div id=\"cmsmasters_row_2w2gupzgck\" class=\"cmsmasters_row cmsmasters_color_scheme_default cmsmasters_row_top_default cmsmasters_row_bot_default cmsmasters_row_boxed\">\n<div class=\"cmsmasters_row_outer_parent\">\n<div class=\"cmsmasters_row_outer\">\n<div class=\"cmsmasters_row_inner\">\n<div class=\"cmsmasters_row_margin\">\n<div id=\"cmsmasters_column_wsy0flnk1g\" class=\"cmsmasters_column one_first\">\n<div class=\"cmsmasters_column_inner\"><div class=\"cmsmasters_text\">\n<h6 style=\"padding-left: 30px;\">Europ\u00e4ische Gesellschaften<br \/>\n<div id=\"cmsmasters_divider_x4ujb9vie\" class=\"cmsmasters_divider cmsmasters_divider_width_medium cmsmasters_divider_pos_left\"><\/div><br \/>\nESMO (European Society for Medical Oncology)<\/h6>\n<\/div>\n<\/div><\/div>\n<\/div>\n<\/div>\n<\/div>\n<\/div>\n<\/div>\n<div id=\"cmsmasters_row_he09nzs2t\" class=\"cmsmasters_row cmsmasters_color_scheme_default cmsmasters_row_top_default cmsmasters_row_bot_default cmsmasters_row_boxed\">\n<div class=\"cmsmasters_row_outer_parent\">\n<div class=\"cmsmasters_row_outer\">\n<div class=\"cmsmasters_row_inner\">\n<div class=\"cmsmasters_row_margin\">\n<div id=\"cmsmasters_column_tgr6klh0ii\" class=\"cmsmasters_column one_first\">\n<div class=\"cmsmasters_column_inner\"><div class=\"cmsmasters_text\">\n<h3>Fremdsprachen<\/h3>\n<h6 style=\"padding-left: 30px;\">Englisch<\/h6>\n<\/div>\n<\/div><\/div>\n<\/div>\n<\/div>\n<\/div>\n<\/div>\n<\/div>\n<div id=\"cmsmasters_row_t60inxb52\" class=\"cmsmasters_row cmsmasters_color_scheme_default cmsmasters_row_top_default cmsmasters_row_bot_default cmsmasters_row_boxed\">\n<div class=\"cmsmasters_row_outer_parent\">\n<div class=\"cmsmasters_row_outer\">\n<div class=\"cmsmasters_row_inner\">\n<div class=\"cmsmasters_row_margin\">\n<div id=\"cmsmasters_column_brbj8vuuev\" class=\"cmsmasters_column one_first\">\n<div class=\"cmsmasters_column_inner\"><div class=\"cmsmasters_text\">\n<h3>Ausbildung und Studium<\/h3>\n<h6 style=\"padding-left: 30px;\">1997 &#8211; 2004 Studium der Humanmedizin an der medizinischen Universit\u00e4t zu L\u00fcbeck<br \/>\n2000 Doktorand am Institut f\u00fcr Immunologie und Transfusionsmedizin<br \/>\n2004 Approbation als Arzt<br \/>\n2009 Erlangung der medizinischen Doktorw\u00fcrde mit experimentellen Arbeiten zu plasmazytoiden dendritischen Zellen<\/h6>\n<\/div>\n<\/div><\/div>\n<\/div>\n<\/div>\n<\/div>\n<\/div>\n<\/div>\n<div id=\"cmsmasters_row_5tcnra7xk9\" class=\"cmsmasters_row cmsmasters_color_scheme_default cmsmasters_row_top_default cmsmasters_row_bot_default cmsmasters_row_boxed\">\n<div class=\"cmsmasters_row_outer_parent\">\n<div class=\"cmsmasters_row_outer\">\n<div class=\"cmsmasters_row_inner\">\n<div class=\"cmsmasters_row_margin\">\n<div id=\"cmsmasters_column_xt3labgq6q\" class=\"cmsmasters_column one_first\">\n<div class=\"cmsmasters_column_inner\"><div class=\"cmsmasters_text\">\n<h3>Klinischer Werdegang<\/h3>\n<h6 style=\"padding-left: 30px;\">2004 Arzt im Praktikum, Medizinische Klinik I, UKSH Campus L\u00fcbeck<br \/>\n2004-2011 Assistenzarzt, Medizinische Klinik I, UKSH Campus L\u00fcbeck<br \/>\nseit 2005 Pr\u00fcfarzt f\u00fcr diverse klinische Studien<br \/>\n2011 Anerkennung zum Facharzt f\u00fcr Innere Medizin<br \/>\nseit 2011 Funktionsoberarzt in der Abteilung f\u00fcr H\u00e4mato-Onkologie, Med. Klinik I, UKSH Campus L\u00fcbeck<br \/>\n10\/12 Wechsel in die L\u00fcbecker onkologische Schwerpunktpraxis<br \/>\n2014 Schwerpunktbezeichnung internistische H\u00e4matologie-Onkologie<\/h6>\n<\/div>\n<\/div><\/div>\n<\/div>\n<\/div>\n<\/div>\n<\/div>\n<\/div>\n\n","protected":false},"excerpt":{"rendered":"","protected":false},"author":1,"featured_media":0,"parent":0,"menu_order":0,"comment_status":"closed","ping_status":"closed","template":"","meta":[],"_links":{"self":[{"href":"https:\/\/www.onkologie-luebeck.de\/page\/wp-json\/wp\/v2\/pages\/13713"}],"collection":[{"href":"https:\/\/www.onkologie-luebeck.de\/page\/wp-json\/wp\/v2\/pages"}],"about":[{"href":"https:\/\/www.onkologie-luebeck.de\/page\/wp-json\/wp\/v2\/types\/page"}],"author":[{"embeddable":true,"href":"https:\/\/www.onkologie-luebeck.de\/page\/wp-json\/wp\/v2\/users\/1"}],"replies":[{"embeddable":true,"href":"https:\/\/www.onkologie-luebeck.de\/page\/wp-json\/wp\/v2\/comments?post=13713"}],"version-history":[{"count":2,"href":"https:\/\/www.onkologie-luebeck.de\/page\/wp-json\/wp\/v2\/pages\/13713\/revisions"}],"predecessor-version":[{"id":13861,"href":"https:\/\/www.onkologie-luebeck.de\/page\/wp-json\/wp\/v2\/pages\/13713\/revisions\/13861"}],"wp:attachment":[{"href":"https:\/\/www.onkologie-luebeck.de\/page\/wp-json\/wp\/v2\/media?parent=13713"}],"curies":[{"name":"wp","href":"https:\/\/api.w.org\/{rel}","templated":true}]}}