{"id":13680,"date":"2018-07-13T18:16:34","date_gmt":"2018-07-13T16:16:34","guid":{"rendered":"http:\/\/www.onkologie-luebeck.de\/page\/?page_id=13680"},"modified":"2026-02-04T15:13:58","modified_gmt":"2026-02-04T14:13:58","slug":"gemeinschaftspraxis-luebeck","status":"publish","type":"page","link":"https:\/\/www.onkologie-luebeck.de\/page\/gemeinschaftspraxis-luebeck\/","title":{"rendered":"Gemeinschaftspraxis L\u00fcbeck"},"content":{"rendered":"<div id=\"cmsmasters_row_8410a19b23\" class=\"cmsmasters_row cmsmasters_color_scheme_default cmsmasters_row_top_default cmsmasters_row_bot_default cmsmasters_row_boxed\">\n<div class=\"cmsmasters_row_outer_parent\">\n<div class=\"cmsmasters_row_outer\">\n<div class=\"cmsmasters_row_inner\">\n<div class=\"cmsmasters_row_margin\">\n<div id=\"cmsmasters_column_\" class=\"cmsmasters_column one_first\">\n<div class=\"cmsmasters_column_inner\"><div class=\"cmsmasters_img  cmsmasters_image_n\"><img src=\"https:\/\/www.onkologie-luebeck.de\/page\/wp-content\/uploads\/2026\/02\/Onkologie-Luebeck_2026.png\" \/><\/div>\n<\/div><\/div>\n<\/div>\n<\/div>\n<\/div>\n<\/div>\n<\/div>\n<div id=\"cmsmasters_row_iyazhevbp6\" class=\"cmsmasters_row cmsmasters_color_scheme_default cmsmasters_row_top_default cmsmasters_row_bot_default cmsmasters_row_boxed\">\n<div class=\"cmsmasters_row_outer_parent\">\n<div class=\"cmsmasters_row_outer\">\n<div class=\"cmsmasters_row_inner\">\n<div class=\"cmsmasters_row_margin\">\n<div id=\"cmsmasters_column_wey5zf6mv2\" class=\"cmsmasters_column one_first\">\n<div class=\"cmsmasters_column_inner\"><div id=\"cmsmasters_heading_5o9fvo2abc\" class=\"cmsmasters_heading_wrap cmsmasters_heading_align_left\">\n\t<h2 class=\"cmsmasters_heading\">Unser Team in L\u00fcbeck<\/h2>\n<\/div><div class=\"cmsmasters_text\">\n<h6>Im Medizinischen Gesundheitszentrum (Hochschulstadtteil L\u00fcbeck) befinden sich auf \u00fcber 800 m\u00b2 unsere Praxisr\u00e4ume.<\/h6>\n<h6>Als \u00fcber\u00f6rtliche Gemeinschaftspraxis an den Standorten L\u00fcbeck, Neustadt, Bad Segeberg und Ratzeburg behandeln wir Patienten mit Krebs und anderen Tumoren.<\/h6>\n<h6>Die Gemeinschaftspraxis wurde 2001 von Dr. Uthgenannt gegr\u00fcndet. 2004 ist Dr. Kisro und 2008 Dr. Weber jeweils als weiterer Partner in die Praxis eingestiegen. Herr Dr. Paulsen ist seit Ende 2012 Mitglied des \u00c4rzteteams.<\/h6>\n<h6>Ein Team von vielen Mitarbeiter;innen unterst\u00fctzt die \u00c4rzte bei Ihrer t\u00e4glichen Arbeit.<\/h6>\n<h6>S\u00e4mtliche Leistungen einer onkologischen Therapieeinheit bieten bieten die Doktoren und ihr Team den Patienten vor Ort an. Dazu geh\u00f6ren die kompletten Leistungen aus den Bereichen:<\/h6>\n<ul>\n<li>Onkologie<\/li>\n<li>Krebsbehandlung vor Ort (ambulante Chemotherapie, Antik\u00f6rperbehandlung und Immuntherapie)<\/li>\n<li>H\u00e4matologie<\/li>\n<li>H\u00e4mostaseologie<\/li>\n<\/ul>\n<h6>Am Standort L\u00fcbeck bieten wir im Rahmen der Krebsbehandlung \u00fcber unsere Kooperationspartner einen umfangreichen Zusatzservice in den Bereichen an:<\/h6>\n<ul>\n<li><a href=\"http:\/\/www.onkologie-luebeck.de\/page\/psychotherapeutische-begleitung\/\">Psychotherapeutische Begleitung<\/a><\/li>\n<li><a href=\"http:\/\/www.onkologie-luebeck.de\/page\/ernaehrungssprechstunde\/\">Ern\u00e4hrungsberatung bei Krebsbehandlung<\/a><\/li>\n<li><a href=\"http:\/\/www.onkologie-luebeck.de\/page\/therapiebegleitung\/\">Therapiebegleitung<\/a><\/li>\n<\/ul>\n<h6>Das Team ist bem\u00fcht Ihnen den Umgang mit der Krankheit so angenehm wie m\u00f6glich zu gestalten. Zus\u00e4tzliche Untersuchungen und Behandlungen werden in enger Abstimmung mit Ihrem Hausarzt von uns koordiniert und gelenkt. Damit wollen wir Ihnen den Umgang mit der Erkrankung erleichtern und \u00fcberfl\u00fcssige Untersuchungen vermeiden.<\/h6>\n<h6>Alle \u00c4rzte sind f\u00fcr Ihre Patienten auch au\u00dferhalb der Sprechzeiten \u00fcber das Mobiltelefon erreichbar.<\/h6>\n<h6>Gerne nehmen wir uns Zeit f\u00fcr ihre Behandlungen und wir bereiten uns gr\u00fcndlich darauf vor. Ein Anliegen von uns ist es, unseren Patienten Wartezeiten zu ersparen. Deshalb m\u00f6chten wir Sie bitten, vorab einen Termin mit uns abzustimmen.<\/h6>\n<\/div>\n<\/div><\/div>\n<\/div>\n<\/div>\n<\/div>\n<\/div>\n<\/div>\n\n","protected":false},"excerpt":{"rendered":"","protected":false},"author":1,"featured_media":0,"parent":0,"menu_order":0,"comment_status":"closed","ping_status":"closed","template":"","meta":[],"_links":{"self":[{"href":"https:\/\/www.onkologie-luebeck.de\/page\/wp-json\/wp\/v2\/pages\/13680"}],"collection":[{"href":"https:\/\/www.onkologie-luebeck.de\/page\/wp-json\/wp\/v2\/pages"}],"about":[{"href":"https:\/\/www.onkologie-luebeck.de\/page\/wp-json\/wp\/v2\/types\/page"}],"author":[{"embeddable":true,"href":"https:\/\/www.onkologie-luebeck.de\/page\/wp-json\/wp\/v2\/users\/1"}],"replies":[{"embeddable":true,"href":"https:\/\/www.onkologie-luebeck.de\/page\/wp-json\/wp\/v2\/comments?post=13680"}],"version-history":[{"count":8,"href":"https:\/\/www.onkologie-luebeck.de\/page\/wp-json\/wp\/v2\/pages\/13680\/revisions"}],"predecessor-version":[{"id":14290,"href":"https:\/\/www.onkologie-luebeck.de\/page\/wp-json\/wp\/v2\/pages\/13680\/revisions\/14290"}],"wp:attachment":[{"href":"https:\/\/www.onkologie-luebeck.de\/page\/wp-json\/wp\/v2\/media?parent=13680"}],"curies":[{"name":"wp","href":"https:\/\/api.w.org\/{rel}","templated":true}]}}