{"id":13569,"date":"2018-07-12T14:20:39","date_gmt":"2018-07-12T12:20:39","guid":{"rendered":"http:\/\/www.onkologie-luebeck.de\/page\/?page_id=13569"},"modified":"2026-02-04T15:27:34","modified_gmt":"2026-02-04T14:27:34","slug":"ambulantes-tumorzentrum-ratzeburg","status":"publish","type":"page","link":"https:\/\/www.onkologie-luebeck.de\/page\/ambulantes-tumorzentrum-ratzeburg\/","title":{"rendered":"Ambulantes Tumorzentrum Ratzeburg"},"content":{"rendered":"<div id=\"cmsmasters_row_8410a19b23\" class=\"cmsmasters_row cmsmasters_color_scheme_default cmsmasters_row_top_default cmsmasters_row_bot_default cmsmasters_row_boxed\">\n<div class=\"cmsmasters_row_outer_parent\">\n<div class=\"cmsmasters_row_outer\">\n<div class=\"cmsmasters_row_inner\">\n<div class=\"cmsmasters_row_margin\">\n<div id=\"cmsmasters_column_\" class=\"cmsmasters_column one_first\">\n<div class=\"cmsmasters_column_inner\"><div class=\"cmsmasters_img  cmsmasters_image_n\"><img src=\"https:\/\/www.onkologie-luebeck.de\/page\/wp-content\/uploads\/2026\/02\/team_ratzeburg_2026.jpg.png\" \/><\/div>\n<\/div><\/div>\n<\/div>\n<\/div>\n<\/div>\n<\/div>\n<\/div>\n<div id=\"cmsmasters_row_iyazhevbp6\" class=\"cmsmasters_row cmsmasters_color_scheme_default cmsmasters_row_top_default cmsmasters_row_bot_default cmsmasters_row_boxed\">\n<div class=\"cmsmasters_row_outer_parent\">\n<div class=\"cmsmasters_row_outer\">\n<div class=\"cmsmasters_row_inner\">\n<div class=\"cmsmasters_row_margin\">\n<div id=\"cmsmasters_column_wey5zf6mv2\" class=\"cmsmasters_column one_first\">\n<div class=\"cmsmasters_column_inner\"><div id=\"cmsmasters_heading_5o9fvo2abc\" class=\"cmsmasters_heading_wrap cmsmasters_heading_align_left\">\n\t<h2 class=\"cmsmasters_heading\">Unser Team in Ratzeburg<\/h2>\n<\/div><div class=\"cmsmasters_text\">\n<div class=\"innerShortcode\">\n<div class=\"innerContent\">\n<p>Sie finden die Praxisr\u00e4ume des ambulanten Tumorzentrums Ratzeburg in dem freistehendem Backsteinhaus R\u00f6persberg 6 direkt vor dem DRK-Krankenhaus (ehemals Praxis Dr. Kiehl)<\/p>\n<p>Als onkologische Zweigpraxis betreuen wir Patienten mit Krebs und anderen Tumoren. Dr. Paulsen ist jede Woche am Mittwoch in der Praxis zu sprechen.<\/p>\n<p>Seit 2017 sind der Leiter des Zentrums Dr. med. Michael Paulsen und sein Team f\u00fcr Ihre Patienten t\u00e4tig.<\/p>\n<p>Das Team besteht aus:<\/p>\n<ul>\n<li>Dr. med. Michael Paulsen<\/li>\n<li>Carolin Hoffmann<\/li>\n<li>Anna Maria D\u00fcsterh\u00f6ft<\/li>\n<li>Anna Janzen<\/li>\n<li>Gabriele Zingler<\/li>\n<li>Eleni Spantsiou-Patrangou<\/li>\n<\/ul>\n<p>Dr. Paulsen nimmt regelm\u00e4\u00dfig an den Tumorboards des DRK-Krankenhaus Ratzeburg teil. Dieses trifft sich 1 x w\u00f6chentlich, um sich dort \u00fcber die aktuellen Patienten auszutauschen und gemeinsam neue Behandlungspl\u00e4ne zu erarbeiten.<\/p>\n<p>Zus\u00e4tzlich ist Dr. Paulsen f\u00fcr die onkologische Fortbildung der Mitarbeiter des Krankenhauses in Ratzeburg zust\u00e4ndig.<\/p>\n<p>S\u00e4mtliche Leistungen einer onkologischen Praxis bieten Dr. Paulsen und sein Team den Patienten vor Ort an. Dazu geh\u00f6ren die kompletten Leistungen aus den Bereichen<\/p>\n<ul>\n<li>Onkologie<\/li>\n<li>Onkologische Krebsbehandlung vor Ort (ambulante Chemotherapie, Antik\u00f6rperbehandlung, Immuntherapie)<\/li>\n<li>H\u00e4matologie<\/li>\n<li>H\u00e4mostaseologie<\/li>\n<\/ul>\n<p>Das Team ist bem\u00fcht Ihnen den Umgang mit der Krankheit so einfach wie m\u00f6glich zu gestalten. S\u00e4mtliche Termine f\u00fcr zus\u00e4tzliche Untersuchungen werden durch uns koordiniert und f\u00fcr Sie vereinbart. Dadurch soll unseren Patienten der Umgang mit der Krankheit erleichtert werden.<\/p>\n<p>Dr. Paulsen ist f\u00fcr seine Patienten auch au\u00dferhalb der Sprechzeiten \u00fcber das Mobiltelefon erreichbar.<\/p>\n<p>Gerne wollen wir unseren Patienten Wartezeiten ersparen und bitten Sie deshalb, vor Ihrem Besuch einen Termin mit uns abzustimmen.<\/p>\n<\/div>\n<\/div>\n<\/div>\n<\/div><\/div>\n<\/div>\n<\/div>\n<\/div>\n<\/div>\n<\/div>\n\n","protected":false},"excerpt":{"rendered":"","protected":false},"author":1,"featured_media":0,"parent":0,"menu_order":0,"comment_status":"closed","ping_status":"closed","template":"","meta":[],"_links":{"self":[{"href":"https:\/\/www.onkologie-luebeck.de\/page\/wp-json\/wp\/v2\/pages\/13569"}],"collection":[{"href":"https:\/\/www.onkologie-luebeck.de\/page\/wp-json\/wp\/v2\/pages"}],"about":[{"href":"https:\/\/www.onkologie-luebeck.de\/page\/wp-json\/wp\/v2\/types\/page"}],"author":[{"embeddable":true,"href":"https:\/\/www.onkologie-luebeck.de\/page\/wp-json\/wp\/v2\/users\/1"}],"replies":[{"embeddable":true,"href":"https:\/\/www.onkologie-luebeck.de\/page\/wp-json\/wp\/v2\/comments?post=13569"}],"version-history":[{"count":5,"href":"https:\/\/www.onkologie-luebeck.de\/page\/wp-json\/wp\/v2\/pages\/13569\/revisions"}],"predecessor-version":[{"id":14296,"href":"https:\/\/www.onkologie-luebeck.de\/page\/wp-json\/wp\/v2\/pages\/13569\/revisions\/14296"}],"wp:attachment":[{"href":"https:\/\/www.onkologie-luebeck.de\/page\/wp-json\/wp\/v2\/media?parent=13569"}],"curies":[{"name":"wp","href":"https:\/\/api.w.org\/{rel}","templated":true}]}}