{"id":13565,"date":"2018-07-12T14:18:20","date_gmt":"2018-07-12T12:18:20","guid":{"rendered":"http:\/\/www.onkologie-luebeck.de\/page\/?page_id=13565"},"modified":"2026-02-04T15:24:43","modified_gmt":"2026-02-04T14:24:43","slug":"ambulantes-tumorzentrum-bad-segeberg","status":"publish","type":"page","link":"https:\/\/www.onkologie-luebeck.de\/page\/ambulantes-tumorzentrum-bad-segeberg\/","title":{"rendered":"Ambulantes Tumorzentrum Bad Segeberg"},"content":{"rendered":"<div id=\"cmsmasters_row_8410a19b23\" class=\"cmsmasters_row cmsmasters_color_scheme_default cmsmasters_row_top_default cmsmasters_row_bot_default cmsmasters_row_boxed\">\n<div class=\"cmsmasters_row_outer_parent\">\n<div class=\"cmsmasters_row_outer\">\n<div class=\"cmsmasters_row_inner\">\n<div class=\"cmsmasters_row_margin\">\n<div id=\"cmsmasters_column_\" class=\"cmsmasters_column one_first\">\n<div class=\"cmsmasters_column_inner\"><div class=\"cmsmasters_img  cmsmasters_image_n\"><img src=\"https:\/\/www.onkologie-luebeck.de\/page\/wp-content\/uploads\/2026\/02\/team_segeberg_2026.jpg.png\" \/><\/div>\n<\/div><\/div>\n<\/div>\n<\/div>\n<\/div>\n<\/div>\n<\/div>\n<div id=\"cmsmasters_row_iyazhevbp6\" class=\"cmsmasters_row cmsmasters_color_scheme_default cmsmasters_row_top_default cmsmasters_row_bot_default cmsmasters_row_boxed\">\n<div class=\"cmsmasters_row_outer_parent\">\n<div class=\"cmsmasters_row_outer\">\n<div class=\"cmsmasters_row_inner\">\n<div class=\"cmsmasters_row_margin\">\n<div id=\"cmsmasters_column_wey5zf6mv2\" class=\"cmsmasters_column one_first\">\n<div class=\"cmsmasters_column_inner\"><div id=\"cmsmasters_heading_5o9fvo2abc\" class=\"cmsmasters_heading_wrap cmsmasters_heading_align_left\">\n\t<h2 class=\"cmsmasters_heading\">Unser Team in Bad Segeberg<\/h2>\n<\/div><div class=\"cmsmasters_text\">\n<p>In den R\u00e4umlichkeiten der AK Segeberger Kliniken GmbH (im Bereich der KV Ambulanz) finden Sie die Praxisr\u00e4ume des ambulanten Tumorzentrums Bad Segeberg<\/p>\n<p>Als onkologische Zweigpraxis betreuen wir Patienten mit Krebserkrankungen und anderen Tumoren. Herr Dr. Weber ist jede Woche am Donnerstag und am Freitag in der Praxis zu sprechen.<\/p>\n<p>Seit 2012 sind der Leiter des Zentrums Dr. med. Klaus Weber und sein Team f\u00fcr Ihre Patienten t\u00e4tig.<\/p>\n<p>Dr. Weber ist als Leiter des Tumorboards des Krankenhauses Bad Segeberg f\u00fcr die Koordination und dessen Durchf\u00fchrung zust\u00e4ndig. Ein Tumorboard ist eine Gruppe leitender \u00c4rzte aus verschiedenen Fachdisziplinen wie beispielsweise Chirurgie, Pathologie, Innere Medizin und Radiologie. Diese trifft sich 1 x w\u00f6chentlich, um sich dort \u00fcber die aktuellen Patienten auszutauschen und gemeinsam neue Behandlungspl\u00e4ne zu erarbeiten.<\/p>\n<p>Zus\u00e4tzlich ist Dr. Weber f\u00fcr die onkologische Fortbildung der Mitarbeiter des Krankenhauses in Bad Segeberg zust\u00e4ndig.<\/p>\n<p>S\u00e4mtliche Leistungen einer onkologischen Praxis bieten Dr. Weber und sein Team den Patienten vor Ort an. Dazu geh\u00f6ren die kompletten Leistungen aus den Bereichen<\/p>\n<ul>\n<li>Onkologie<\/li>\n<li>Onkologische Krebsbehandlung vor Ort (ambulante Chemotherapie, Antik\u00f6rperbehandlung, Immuntherapie)<\/li>\n<li>H\u00e4matologie<\/li>\n<li>H\u00e4mostaseologie<\/li>\n<li>Zusatzservice f\u00fcr unsere Patienten<\/li>\n<\/ul>\n<p>Das Team ist bem\u00fcht, Ihnen den Umgang mit der Krankheit so einfach wie m\u00f6glich zu gestalten. S\u00e4mtliche Termine f\u00fcr zus\u00e4tzliche Untersuchungen werden durch uns koordiniert und f\u00fcr Sie vereinbart. Dadurch soll unseren Patienten der Umgang mit der Krankheit erleichtert werden.<\/p>\n<p>Dr. Weber ist f\u00fcr seine Patienten auch au\u00dferhalb der Sprechzeiten \u00fcber das Mobiltelefon erreichbar.<\/p>\n<p>Gerne wollen wir unseren Patienten Wartezeiten ersparen und bitten Sie deshalb, vor Ihrem Besuch einen Termin mit uns abzustimmen.<\/p>\n<\/div>\n<\/div><\/div>\n<\/div>\n<\/div>\n<\/div>\n<\/div>\n<\/div>\n\n","protected":false},"excerpt":{"rendered":"","protected":false},"author":1,"featured_media":0,"parent":0,"menu_order":0,"comment_status":"closed","ping_status":"closed","template":"","meta":[],"_links":{"self":[{"href":"https:\/\/www.onkologie-luebeck.de\/page\/wp-json\/wp\/v2\/pages\/13565"}],"collection":[{"href":"https:\/\/www.onkologie-luebeck.de\/page\/wp-json\/wp\/v2\/pages"}],"about":[{"href":"https:\/\/www.onkologie-luebeck.de\/page\/wp-json\/wp\/v2\/types\/page"}],"author":[{"embeddable":true,"href":"https:\/\/www.onkologie-luebeck.de\/page\/wp-json\/wp\/v2\/users\/1"}],"replies":[{"embeddable":true,"href":"https:\/\/www.onkologie-luebeck.de\/page\/wp-json\/wp\/v2\/comments?post=13565"}],"version-history":[{"count":11,"href":"https:\/\/www.onkologie-luebeck.de\/page\/wp-json\/wp\/v2\/pages\/13565\/revisions"}],"predecessor-version":[{"id":14294,"href":"https:\/\/www.onkologie-luebeck.de\/page\/wp-json\/wp\/v2\/pages\/13565\/revisions\/14294"}],"wp:attachment":[{"href":"https:\/\/www.onkologie-luebeck.de\/page\/wp-json\/wp\/v2\/media?parent=13565"}],"curies":[{"name":"wp","href":"https:\/\/api.w.org\/{rel}","templated":true}]}}