{"id":12232,"date":"2016-09-13T08:41:54","date_gmt":"2016-09-13T08:41:54","guid":{"rendered":"http:\/\/medical-clinic.cmsmasters.net\/?page_id=12232"},"modified":"2026-02-04T15:19:24","modified_gmt":"2026-02-04T14:19:24","slug":"ambulantes-tumorzentrum-neustadt","status":"publish","type":"page","link":"https:\/\/www.onkologie-luebeck.de\/page\/ambulantes-tumorzentrum-neustadt\/","title":{"rendered":"Ambulantes Tumorzentrum Neustadt"},"content":{"rendered":"<div id=\"cmsmasters_row_8410a19b23\" class=\"cmsmasters_row cmsmasters_color_scheme_default cmsmasters_row_top_default cmsmasters_row_bot_default cmsmasters_row_boxed\">\n<div class=\"cmsmasters_row_outer_parent\">\n<div class=\"cmsmasters_row_outer\">\n<div class=\"cmsmasters_row_inner\">\n<div class=\"cmsmasters_row_margin\">\n<div id=\"cmsmasters_column_\" class=\"cmsmasters_column one_first\">\n<div class=\"cmsmasters_column_inner\"><div class=\"cmsmasters_img  cmsmasters_image_n\"><img src=\"https:\/\/www.onkologie-luebeck.de\/page\/wp-content\/uploads\/2026\/02\/team_neustadt_2026.jpg.png\" \/><\/div>\n<\/div><\/div>\n<\/div>\n<\/div>\n<\/div>\n<\/div>\n<\/div>\n<div id=\"cmsmasters_row_iyazhevbp6\" class=\"cmsmasters_row cmsmasters_color_scheme_default cmsmasters_row_top_default cmsmasters_row_bot_default cmsmasters_row_boxed\">\n<div class=\"cmsmasters_row_outer_parent\">\n<div class=\"cmsmasters_row_outer\">\n<div class=\"cmsmasters_row_inner\">\n<div class=\"cmsmasters_row_margin\">\n<div id=\"cmsmasters_column_wey5zf6mv2\" class=\"cmsmasters_column one_first\">\n<div class=\"cmsmasters_column_inner\"><div id=\"cmsmasters_heading_5o9fvo2abc\" class=\"cmsmasters_heading_wrap cmsmasters_heading_align_left\">\n\t<h2 class=\"cmsmasters_heading\">Unser Team in Neustadt<\/h2>\n<\/div><div class=\"cmsmasters_text\">\n<p>In den R\u00e4umlichkeiten der Sch\u00f6n Klinik Neustadt (Sch\u00f6n Klinik Verwaltung GmbH) finden Sie seit 2005 die Praxisr\u00e4ume des ambulanten Tumorzentrums Neustadt.<\/p>\n<p>Das Team Neustadt besteht aus:<\/p>\n<ul>\n<li>Dr. med. Jens Kisro<\/li>\n<li>Katharina Westphal<\/li>\n<li>Laura Ratzeburg<\/li>\n<\/ul>\n<p>Die Zweigpraxis ist auf die Behandlung von Erkrankungen in den Bereichen H\u00e4matologie und Onkologie spezialisiert. In diesem Zusammenhang betreuen wir auch vor Ort alle Krebsarten.<\/p>\n<p>S\u00e4mtliche Leistungen einer onkologischen Praxis bieten Dr. Kisro und das Team den Patienten vor Ort an. Dazu geh\u00f6ren die Leistungen aus den Bereichen<\/p>\n<ul>\n<li>Onkologie und H\u00e4matologie<\/li>\n<li>Ambulante Diagnostik<\/li>\n<li>Krebsbehandlung vor Ort (ambulante Chemotherapie \/ Antik\u00f6rpertherapie und Immuntherapie)<\/li>\n<li>Ambulantes Durchf\u00fchren von Transfusionen<\/li>\n<\/ul>\n<p>In allen Bereichen besteht eine enge Verzahnung zu allen Einrichtungen des Klinikums Neustadt.<\/p>\n<p>W\u00e4hrend der Therapie sollen Sie in Ihrem famili\u00e4ren Umfeld leben k\u00f6nnen.<\/p>\n<p>Die Koordination Ihrer Behandlung und der Termine wird durch unser Sekretariat gesteuert. Auch ihr Hausarzt wird regelm\u00e4\u00dfig durch uns \u00fcber den Verlauf der Therapie informiert. Dadurch werden \u00fcberfl\u00fcssige Untersuchungen vermieden.<\/p>\n<p>Erg\u00e4nzend dazu, bieten wir in unserer Hauptpraxis in L\u00fcbeck \u00fcber unsere Kooperationspartner Dienstleistungen wie z. B.<\/p>\n<ul>\n<li><a href=\"http:\/\/www.onkologie-luebeck.de\/page\/psychotherapeutische-begleitung\/\">Psychotherapeutische Begleitung<\/a><\/li>\n<li><a href=\"http:\/\/www.onkologie-luebeck.de\/page\/ernaehrungssprechstunde\/\">Ern\u00e4hrungsberatung<\/a><\/li>\n<li><a href=\"http:\/\/www.onkologie-luebeck.de\/page\/therapiebegleitung\/\">Therapiebegleitung<\/a><\/li>\n<\/ul>\n<p>rund um die Behandlung von Krebserkrankungen an.<\/p>\n<p>Dr. Kisro ist f\u00fcr die Patienten auch au\u00dferhalb der Sprechzeiten \u00fcber das Mobiltelefon erreichbar.<\/p>\n<p>Damit Sie keine langen Wartezeiten auf sich nehmen m\u00fcssen, bitten wir Sie, vor Ihrem Besuch einen Termin mit uns zu vereinbaren.<\/p>\n<\/div>\n<\/div><\/div>\n<\/div>\n<\/div>\n<\/div>\n<\/div>\n<\/div>\n\n","protected":false},"excerpt":{"rendered":"","protected":false},"author":1,"featured_media":0,"parent":0,"menu_order":0,"comment_status":"closed","ping_status":"closed","template":"","meta":[],"_links":{"self":[{"href":"https:\/\/www.onkologie-luebeck.de\/page\/wp-json\/wp\/v2\/pages\/12232"}],"collection":[{"href":"https:\/\/www.onkologie-luebeck.de\/page\/wp-json\/wp\/v2\/pages"}],"about":[{"href":"https:\/\/www.onkologie-luebeck.de\/page\/wp-json\/wp\/v2\/types\/page"}],"author":[{"embeddable":true,"href":"https:\/\/www.onkologie-luebeck.de\/page\/wp-json\/wp\/v2\/users\/1"}],"replies":[{"embeddable":true,"href":"https:\/\/www.onkologie-luebeck.de\/page\/wp-json\/wp\/v2\/comments?post=12232"}],"version-history":[{"count":33,"href":"https:\/\/www.onkologie-luebeck.de\/page\/wp-json\/wp\/v2\/pages\/12232\/revisions"}],"predecessor-version":[{"id":14292,"href":"https:\/\/www.onkologie-luebeck.de\/page\/wp-json\/wp\/v2\/pages\/12232\/revisions\/14292"}],"wp:attachment":[{"href":"https:\/\/www.onkologie-luebeck.de\/page\/wp-json\/wp\/v2\/media?parent=12232"}],"curies":[{"name":"wp","href":"https:\/\/api.w.org\/{rel}","templated":true}]}}