{"id":11258,"date":"2016-06-13T08:36:18","date_gmt":"2016-06-13T08:36:18","guid":{"rendered":"http:\/\/eco-press.cmsmasters.net\/?page_id=11258"},"modified":"2026-02-03T18:31:40","modified_gmt":"2026-02-03T17:31:40","slug":"aerzteteam","status":"publish","type":"page","link":"https:\/\/www.onkologie-luebeck.de\/page\/aerzteteam\/","title":{"rendered":"\u00c4rzteteam"},"content":{"rendered":"<div id=\"cmsmasters_row_0uh16ao2nx\" class=\"cmsmasters_row cmsmasters_color_scheme_default cmsmasters_row_top_default cmsmasters_row_bot_default cmsmasters_row_boxed\">\n<div class=\"cmsmasters_row_outer_parent\">\n<div class=\"cmsmasters_row_outer\">\n<div class=\"cmsmasters_row_inner\">\n<div class=\"cmsmasters_row_margin\">\n<div id=\"cmsmasters_column_b0oqnodytt\" class=\"cmsmasters_column one_first\">\n<div class=\"cmsmasters_column_inner\"><div id=\"cmsmasters_heading_djmwiorbg\" class=\"cmsmasters_heading_wrap cmsmasters_heading_align_left\">\n\t<h2 class=\"cmsmasters_heading\"> Die Doktoren der L\u00fcbecker Onkologischen Schwerpunktpraxis <\/h2>\n<\/div>\n<\/div><\/div>\n<\/div>\n<\/div>\n<\/div>\n<\/div>\n<\/div>\n<div id=\"cmsmasters_row_gz8mjr0c8n\" class=\"cmsmasters_row cmsmasters_color_scheme_default cmsmasters_row_top_default cmsmasters_row_bot_default cmsmasters_row_boxed\">\n<div class=\"cmsmasters_row_outer_parent\">\n<div class=\"cmsmasters_row_outer\">\n<div class=\"cmsmasters_row_inner\">\n<div class=\"cmsmasters_row_margin\">\n<div id=\"cmsmasters_column_bwbhw5wacs\" class=\"cmsmasters_column one_third\">\n<div class=\"cmsmasters_column_inner\"><div class=\"cmsmasters_img  cmsmasters_image_n\" data-animation=\"fadeIn\" data-delay=\"1100\"><img src=\"https:\/\/www.onkologie-luebeck.de\/page\/wp-content\/uploads\/2026\/02\/profil_klaus_weber.png\" \/><\/div><div class=\"cmsmasters_wrap_table\"><table class=\"cmsmasters_table\" data-animation=\"fadeIn\" data-delay=\"0\"><caption><\/caption> <thead><tr class=\"cmsmasters_table_row_header\"> <th class=\"cmsmasters_table_cell_aligncenter\">Dr. med. Klaus Weber<\/th> <\/tr><\/thead> <tr> <td class=\"cmsmasters_table_cell_aligncenter\"> Facharzt f\u00fcr Innere Medizin, Schwerpunkt H\u00e4matologie &amp; Internistische Onkologie, Haemostaseologie und Palliativmedizin <\/td> <\/tr> <\/table><\/div>\n<\/div><\/div>\n<div id=\"cmsmasters_column_xr10vjxg3m\" class=\"cmsmasters_column one_third\">\n<div class=\"cmsmasters_column_inner\"><div class=\"cmsmasters_img  cmsmasters_image_n\" data-animation=\"fadeIn\" data-delay=\"1100\"><img src=\"https:\/\/www.onkologie-luebeck.de\/page\/wp-content\/uploads\/2026\/02\/profil_jens_kisro.png\" \/><\/div><div class=\"cmsmasters_wrap_table\"><table class=\"cmsmasters_table\" data-animation=\"fadeIn\" data-delay=\"0\"><caption><\/caption> <thead><tr class=\"cmsmasters_table_row_header\"> <th class=\"cmsmasters_table_cell_aligncenter\">Dr. med. Jens Kisro<\/th> <\/tr><\/thead> <tr> <td class=\"cmsmasters_table_cell_aligncenter\"> Facharzt f\u00fcr Innere Medizin, H\u00e4matologie und internistische Onkologie <\/td> <\/tr> <\/table><\/div>\n<\/div><\/div>\n<div id=\"cmsmasters_column_pml8mn51z\" class=\"cmsmasters_column one_third\">\n<div class=\"cmsmasters_column_inner\"><div class=\"cmsmasters_img  cmsmasters_image_n\" data-animation=\"fadeIn\" data-delay=\"1100\"><img src=\"https:\/\/www.onkologie-luebeck.de\/page\/wp-content\/uploads\/2026\/02\/profil_michael_paulsen.png\" \/><\/div><div class=\"cmsmasters_wrap_table\"><table class=\"cmsmasters_table\" data-animation=\"fadeIn\" data-delay=\"0\"><caption><\/caption> <thead><tr class=\"cmsmasters_table_row_header\"> <th class=\"cmsmasters_table_cell_aligncenter\">Dr. med. Michael Paulsen<\/th> <\/tr><\/thead> <tr> <td class=\"cmsmasters_table_cell_aligncenter\"> Facharzt f\u00fcr Innere Medizin, H\u00e4matologie und internistische Onkologie <\/td> <\/tr> <\/table><\/div>\n<\/div><\/div>\n<\/div>\n<\/div>\n<\/div>\n<\/div>\n<\/div>\n<div id=\"cmsmasters_row_c5o454xzed\" class=\"cmsmasters_row cmsmasters_color_scheme_default cmsmasters_row_top_default cmsmasters_row_bot_default cmsmasters_row_boxed\">\n<div class=\"cmsmasters_row_outer_parent\">\n<div class=\"cmsmasters_row_outer\">\n<div class=\"cmsmasters_row_inner\">\n<div class=\"cmsmasters_row_margin\">\n<div id=\"cmsmasters_column_w79l61gce\" class=\"cmsmasters_column one_third\">\n<div class=\"cmsmasters_column_inner\"><div class=\"cmsmasters_img  cmsmasters_image_n\" data-animation=\"fadeIn\" data-delay=\"1100\"><img src=\"https:\/\/www.onkologie-luebeck.de\/page\/wp-content\/uploads\/2026\/02\/profil_susanne_luley.png\" \/><\/div><div class=\"cmsmasters_wrap_table\"><table class=\"cmsmasters_table\" data-animation=\"fadeIn\" data-delay=\"0\"><caption><\/caption> <thead><tr class=\"cmsmasters_table_row_header\"> <th class=\"cmsmasters_table_cell_aligncenter\">Dr. med. Barbara Luley<\/th> <\/tr><\/thead> <tr> <td class=\"cmsmasters_table_cell_aligncenter\"> Fach\u00e4rztin f\u00fcr Innere Medizin, Schwerpunkt H\u00e4matologie &amp; Internistische Onkologie, Haemostaseologie und Palliativmedizin <\/td> <\/tr> <\/table><\/div>\n<\/div><\/div>\n<div id=\"cmsmasters_column_ztbzzv81nq\" class=\"cmsmasters_column one_third\">\n<div class=\"cmsmasters_column_inner\"><div class=\"cmsmasters_img  cmsmasters_image_n\" data-animation=\"fadeIn\" data-delay=\"1100\"><img src=\"https:\/\/www.onkologie-luebeck.de\/page\/wp-content\/uploads\/2026\/02\/profil_clemens_engels.png\" \/><\/div><div class=\"cmsmasters_wrap_table\"><table class=\"cmsmasters_table\" data-animation=\"fadeIn\" data-delay=\"0\"><caption><\/caption> <thead><tr class=\"cmsmasters_table_row_header\"> <th class=\"cmsmasters_table_cell_aligncenter\">Dr. med. Clemens Engels<\/th> <\/tr><\/thead> <tr> <td class=\"cmsmasters_table_cell_aligncenter\"> Facharzt f\u00fcr Innere Medizin, H\u00e4matologie und internistische Onkologie <\/td> <\/tr> <\/table><\/div>\n<\/div><\/div>\n<div id=\"cmsmasters_column_leere_spalte_rechts\" class=\"cmsmasters_column one_third\">\n<div class=\"cmsmasters_column_inner\"><\/div><\/div>\n<\/div>\n<\/div>\n<\/div>\n<\/div>\n<\/div>\n\n","protected":false},"excerpt":{"rendered":"","protected":false},"author":1,"featured_media":0,"parent":0,"menu_order":0,"comment_status":"closed","ping_status":"closed","template":"","meta":[],"_links":{"self":[{"href":"https:\/\/www.onkologie-luebeck.de\/page\/wp-json\/wp\/v2\/pages\/11258"}],"collection":[{"href":"https:\/\/www.onkologie-luebeck.de\/page\/wp-json\/wp\/v2\/pages"}],"about":[{"href":"https:\/\/www.onkologie-luebeck.de\/page\/wp-json\/wp\/v2\/types\/page"}],"author":[{"embeddable":true,"href":"https:\/\/www.onkologie-luebeck.de\/page\/wp-json\/wp\/v2\/users\/1"}],"replies":[{"embeddable":true,"href":"https:\/\/www.onkologie-luebeck.de\/page\/wp-json\/wp\/v2\/comments?post=11258"}],"version-history":[{"count":78,"href":"https:\/\/www.onkologie-luebeck.de\/page\/wp-json\/wp\/v2\/pages\/11258\/revisions"}],"predecessor-version":[{"id":14285,"href":"https:\/\/www.onkologie-luebeck.de\/page\/wp-json\/wp\/v2\/pages\/11258\/revisions\/14285"}],"wp:attachment":[{"href":"https:\/\/www.onkologie-luebeck.de\/page\/wp-json\/wp\/v2\/media?parent=11258"}],"curies":[{"name":"wp","href":"https:\/\/api.w.org\/{rel}","templated":true}]}}